{"id":981,"date":"2022-06-28T12:14:57","date_gmt":"2022-06-28T15:14:57","guid":{"rendered":"https:\/\/transparaguay.com\/?page_id=981"},"modified":"2022-06-28T16:05:29","modified_gmt":"2022-06-28T19:05:29","slug":"noticias","status":"publish","type":"page","link":"https:\/\/transparaguay.com\/es\/noticias\/","title":{"rendered":"Not\u00edcias"},"content":{"rendered":"<div data-elementor-type=\"wp-page\" data-elementor-id=\"981\" class=\"elementor elementor-981\" data-elementor-post-type=\"page\">\n\t\t\t\t\t\t<section class=\"elementor-section elementor-top-section elementor-element elementor-element-2cdf6c3c elementor-section-full_width elementor-section-height-default elementor-section-height-default\" data-id=\"2cdf6c3c\" data-element_type=\"section\" data-settings=\"{&quot;background_background&quot;:&quot;classic&quot;}\">\n\t\t\t\t\t\t\t<div class=\"elementor-background-overlay\"><\/div>\n\t\t\t\t\t\t\t<div class=\"elementor-container elementor-column-gap-no\">\n\t\t\t\t\t<div class=\"elementor-column elementor-col-100 elementor-top-column elementor-element elementor-element-4a47b4c2\" data-id=\"4a47b4c2\" data-element_type=\"column\">\n\t\t\t<div class=\"elementor-widget-wrap elementor-element-populated\">\n\t\t\t\t\t\t<section class=\"elementor-section elementor-inner-section elementor-element elementor-element-23c7e898 elementor-section-boxed elementor-section-height-default elementor-section-height-default\" data-id=\"23c7e898\" data-element_type=\"section\">\n\t\t\t\t\t\t<div class=\"elementor-container elementor-column-gap-default\">\n\t\t\t\t\t<div class=\"elementor-column elementor-col-50 elementor-inner-column elementor-element elementor-element-237f7418\" data-id=\"237f7418\" data-element_type=\"column\">\n\t\t\t<div class=\"elementor-widget-wrap elementor-element-populated\">\n\t\t\t\t\t\t<div class=\"elementor-element elementor-element-18e0d580 elementor-widget elementor-widget-heading\" data-id=\"18e0d580\" data-element_type=\"widget\" data-widget_type=\"heading.default\">\n\t\t\t\t<div class=\"elementor-widget-container\">\n\t\t\t\t\t<h2 class=\"elementor-heading-title elementor-size-default\">not\u00edcias<\/h2>\t\t\t\t<\/div>\n\t\t\t\t<\/div>\n\t\t\t\t\t<\/div>\n\t\t<\/div>\n\t\t\t\t<div class=\"elementor-column elementor-col-50 elementor-inner-column elementor-element elementor-element-23c67074\" data-id=\"23c67074\" data-element_type=\"column\">\n\t\t\t<div class=\"elementor-widget-wrap elementor-element-populated\">\n\t\t\t\t\t\t<div class=\"elementor-element elementor-element-2ac59b5 elementor-widget elementor-widget-image\" data-id=\"2ac59b5\" data-element_type=\"widget\" data-widget_type=\"image.default\">\n\t\t\t\t<div class=\"elementor-widget-container\">\n\t\t\t\t\t\t\t\t\t\t\t\t\t\t\t<img fetchpriority=\"high\" decoding=\"async\" width=\"500\" height=\"500\" src=\"https:\/\/transparaguay.com\/wp-content\/uploads\/2022\/06\/Logo-60-Anos.png\" class=\"attachment-full size-full wp-image-828\" alt=\"\" srcset=\"https:\/\/transparaguay.com\/wp-content\/uploads\/2022\/06\/Logo-60-Anos.png 500w, https:\/\/transparaguay.com\/wp-content\/uploads\/2022\/06\/Logo-60-Anos-300x300.png 300w, https:\/\/transparaguay.com\/wp-content\/uploads\/2022\/06\/Logo-60-Anos-150x150.png 150w\" sizes=\"100vw\" \/>\t\t\t\t\t\t\t\t\t\t\t\t\t\t\t<\/div>\n\t\t\t\t<\/div>\n\t\t\t\t\t<\/div>\n\t\t<\/div>\n\t\t\t\t\t<\/div>\n\t\t<\/section>\n\t\t\t\t<div class=\"elementor-element elementor-element-4007dd58 elementor-widget-divider--view-line elementor-widget elementor-widget-divider\" data-id=\"4007dd58\" data-element_type=\"widget\" data-widget_type=\"divider.default\">\n\t\t\t\t<div class=\"elementor-widget-container\">\n\t\t\t\t\t\t\t<div class=\"elementor-divider\">\n\t\t\t<span class=\"elementor-divider-separator\">\n\t\t\t\t\t\t<\/span>\n\t\t<\/div>\n\t\t\t\t\t\t<\/div>\n\t\t\t\t<\/div>\n\t\t\t\t\t<\/div>\n\t\t<\/div>\n\t\t\t\t\t<\/div>\n\t\t<\/section>\n\t\t\t\t<section class=\"elementor-section elementor-top-section elementor-element elementor-element-a99843f elementor-section-boxed elementor-section-height-default elementor-section-height-default\" data-id=\"a99843f\" data-element_type=\"section\">\n\t\t\t\t\t\t<div class=\"elementor-container elementor-column-gap-default\">\n\t\t\t\t\t<div class=\"elementor-column elementor-col-66 elementor-top-column elementor-element elementor-element-169fcea\" data-id=\"169fcea\" data-element_type=\"column\">\n\t\t\t<div class=\"elementor-widget-wrap elementor-element-populated\">\n\t\t\t\t\t\t<div class=\"elementor-element elementor-element-dc00feb elementor-grid-2 elementor-grid-tablet-2 elementor-grid-mobile-1 elementor-posts--thumbnail-top elementor-widget elementor-widget-posts\" data-id=\"dc00feb\" data-element_type=\"widget\" data-settings=\"{&quot;classic_columns&quot;:&quot;2&quot;,&quot;pagination_type&quot;:&quot;numbers&quot;,&quot;classic_columns_tablet&quot;:&quot;2&quot;,&quot;classic_columns_mobile&quot;:&quot;1&quot;,&quot;classic_row_gap&quot;:{&quot;unit&quot;:&quot;px&quot;,&quot;size&quot;:35,&quot;sizes&quot;:[]},&quot;classic_row_gap_tablet&quot;:{&quot;unit&quot;:&quot;px&quot;,&quot;size&quot;:&quot;&quot;,&quot;sizes&quot;:[]},&quot;classic_row_gap_mobile&quot;:{&quot;unit&quot;:&quot;px&quot;,&quot;size&quot;:&quot;&quot;,&quot;sizes&quot;:[]}}\" data-widget_type=\"posts.classic\">\n\t\t\t\t<div class=\"elementor-widget-container\">\n\t\t\t\t\t\t\t<div class=\"elementor-posts-container elementor-posts elementor-posts--skin-classic elementor-grid\">\n\t\t\t\t<article class=\"elementor-post elementor-grid-item post-1514 post type-post status-publish format-standard has-post-thumbnail hentry category-blog\">\n\t\t\t\t<a class=\"elementor-post__thumbnail__link\" href=\"https:\/\/transparaguay.com\/es\/transparaguay-tem-participacao-de-destaque-na-14a-expo-paraguay-brasil\/\" tabindex=\"-1\" >\n\t\t\t<div class=\"elementor-post__thumbnail\"><img decoding=\"async\" width=\"300\" height=\"225\" src=\"https:\/\/transparaguay.com\/wp-content\/uploads\/2023\/10\/Imagem-do-WhatsApp-de-2023-10-02-as-16.29.11_ba1f6a9d-300x225.jpg\" class=\"attachment-medium size-medium wp-image-1515\" alt=\"\" srcset=\"https:\/\/transparaguay.com\/wp-content\/uploads\/2023\/10\/Imagem-do-WhatsApp-de-2023-10-02-as-16.29.11_ba1f6a9d-300x225.jpg 300w, https:\/\/transparaguay.com\/wp-content\/uploads\/2023\/10\/Imagem-do-WhatsApp-de-2023-10-02-as-16.29.11_ba1f6a9d-768x576.jpg 768w, https:\/\/transparaguay.com\/wp-content\/uploads\/2023\/10\/Imagem-do-WhatsApp-de-2023-10-02-as-16.29.11_ba1f6a9d-16x12.jpg 16w, https:\/\/transparaguay.com\/wp-content\/uploads\/2023\/10\/Imagem-do-WhatsApp-de-2023-10-02-as-16.29.11_ba1f6a9d.jpg 1024w\" sizes=\"100vw\" \/><\/div>\n\t\t<\/a>\n\t\t\t\t<div class=\"elementor-post__text\">\n\t\t\t\t<h3 class=\"elementor-post__title\">\n\t\t\t<a href=\"https:\/\/transparaguay.com\/es\/transparaguay-tem-participacao-de-destaque-na-14a-expo-paraguay-brasil\/\" >\n\t\t\t\tTransparaguay tiene destacada participaci\u00f3n en la 14\u00b0 Expo Paraguay Brasil\t\t\t<\/a>\n\t\t<\/h3>\n\t\t\t\t<div class=\"elementor-post__meta-data\">\n\t\t\t\t\t<span class=\"elementor-post-date\">\n\t\t\t11 de octubre de 2023\t\t<\/span>\n\t\t\t\t<span class=\"elementor-post-avatar\">\n\t\t\tNo hay comentarios\t\t<\/span>\n\t\t\t\t<\/div>\n\t\t\t\t<div class=\"elementor-post__excerpt\">\n\t\t\t<p>&nbsp; Presente na 14\u00aa edi\u00e7\u00e3o da Expo Paraguay Brasil, realizada nos dias 21 e 22 de setembro no Centro de Conven\u00e7\u00f5es da Conmebol, a Transparaguay<\/p>\n\t\t<\/div>\n\t\t\n\t\t<a class=\"elementor-post__read-more\" href=\"https:\/\/transparaguay.com\/es\/transparaguay-tem-participacao-de-destaque-na-14a-expo-paraguay-brasil\/\" aria-label=\"Read more about Transparaguay tem participa\u00e7\u00e3o de destaque na 14\u00aa Expo Paraguay Brasil\" tabindex=\"-1\" >\n\t\t\tLer Mais \u00bb\t\t<\/a>\n\n\t\t\t\t<\/div>\n\t\t\t\t<\/article>\n\t\t\t\t<article class=\"elementor-post elementor-grid-item post-141 post type-post status-publish format-standard has-post-thumbnail hentry category-blog\">\n\t\t\t\t<a class=\"elementor-post__thumbnail__link\" href=\"https:\/\/transparaguay.com\/es\/congestionamentos-constantes-comprometem-estrutura-da-ponte-da-amizade\/\" tabindex=\"-1\" >\n\t\t\t<div class=\"elementor-post__thumbnail\"><img decoding=\"async\" width=\"300\" height=\"225\" src=\"https:\/\/transparaguay.com\/wp-content\/uploads\/2022\/05\/55c844053c1359162747e6c8c54fb2b15440a510c72aa_grd-300x225.jpg\" class=\"attachment-medium size-medium wp-image-142\" alt=\"\" srcset=\"https:\/\/transparaguay.com\/wp-content\/uploads\/2022\/05\/55c844053c1359162747e6c8c54fb2b15440a510c72aa_grd-300x225.jpg 300w, https:\/\/transparaguay.com\/wp-content\/uploads\/2022\/05\/55c844053c1359162747e6c8c54fb2b15440a510c72aa_grd.jpg 600w\" sizes=\"100vw\" \/><\/div>\n\t\t<\/a>\n\t\t\t\t<div class=\"elementor-post__text\">\n\t\t\t\t<h3 class=\"elementor-post__title\">\n\t\t\t<a href=\"https:\/\/transparaguay.com\/es\/congestionamentos-constantes-comprometem-estrutura-da-ponte-da-amizade\/\" >\n\t\t\t\tCongestionamentos constantes comprometem estrutura da Ponte da Amizade\t\t\t<\/a>\n\t\t<\/h3>\n\t\t\t\t<div class=\"elementor-post__meta-data\">\n\t\t\t\t\t<span class=\"elementor-post-date\">\n\t\t\t31 de mayo de 2022\t\t<\/span>\n\t\t\t\t<span class=\"elementor-post-avatar\">\n\t\t\tNo hay comentarios\t\t<\/span>\n\t\t\t\t<\/div>\n\t\t\t\t<div class=\"elementor-post__excerpt\">\n\t\t\t<p>Liga\u00e7\u00e3o do Paraguai com o Brasil corre risco de sofrer colapso com ve\u00edculos parados por muito tempo na pista. A Ponte da Amizade, que liga<\/p>\n\t\t<\/div>\n\t\t\n\t\t<a class=\"elementor-post__read-more\" href=\"https:\/\/transparaguay.com\/es\/congestionamentos-constantes-comprometem-estrutura-da-ponte-da-amizade\/\" aria-label=\"Read more about Congestionamentos constantes comprometem estrutura da Ponte da Amizade\" tabindex=\"-1\" >\n\t\t\tLer Mais \u00bb\t\t<\/a>\n\n\t\t\t\t<\/div>\n\t\t\t\t<\/article>\n\t\t\t\t<article class=\"elementor-post elementor-grid-item post-138 post type-post status-publish format-standard has-post-thumbnail hentry category-blog\">\n\t\t\t\t<a class=\"elementor-post__thumbnail__link\" href=\"https:\/\/transparaguay.com\/es\/antt-disponibiliza-novo-sistema-automatizado-para-registro-de-autos-de-infracao\/\" tabindex=\"-1\" >\n\t\t\t<div class=\"elementor-post__thumbnail\"><img loading=\"lazy\" decoding=\"async\" width=\"300\" height=\"157\" src=\"https:\/\/transparaguay.com\/wp-content\/uploads\/2022\/05\/c575f03b2ac697609f20801a932c9d5b5440a382ee9fa_grd-300x157.jpg\" class=\"attachment-medium size-medium wp-image-139\" alt=\"\" srcset=\"https:\/\/transparaguay.com\/wp-content\/uploads\/2022\/05\/c575f03b2ac697609f20801a932c9d5b5440a382ee9fa_grd-300x157.jpg 300w, https:\/\/transparaguay.com\/wp-content\/uploads\/2022\/05\/c575f03b2ac697609f20801a932c9d5b5440a382ee9fa_grd.jpg 600w\" sizes=\"100vw\" \/><\/div>\n\t\t<\/a>\n\t\t\t\t<div class=\"elementor-post__text\">\n\t\t\t\t<h3 class=\"elementor-post__title\">\n\t\t\t<a href=\"https:\/\/transparaguay.com\/es\/antt-disponibiliza-novo-sistema-automatizado-para-registro-de-autos-de-infracao\/\" >\n\t\t\t\tANTT disponibiliza novo sistema automatizado para registro de autos de infra\u00e7\u00e3o\t\t\t<\/a>\n\t\t<\/h3>\n\t\t\t\t<div class=\"elementor-post__meta-data\">\n\t\t\t\t\t<span class=\"elementor-post-date\">\n\t\t\t31 de mayo de 2022\t\t<\/span>\n\t\t\t\t<span class=\"elementor-post-avatar\">\n\t\t\tNo hay comentarios\t\t<\/span>\n\t\t\t\t<\/div>\n\t\t\t\t<div class=\"elementor-post__excerpt\">\n\t\t\t<p>Denomindado Sifama, ferramenta facilita pagamento de multas e desburocratiza procedimentos como notifica\u00e7\u00e3o, defesa e interposi\u00e7\u00e3o de recursos administrativos. A ANTT (Ag\u00eancia Nacional de Transportes Terrestres)<\/p>\n\t\t<\/div>\n\t\t\n\t\t<a class=\"elementor-post__read-more\" href=\"https:\/\/transparaguay.com\/es\/antt-disponibiliza-novo-sistema-automatizado-para-registro-de-autos-de-infracao\/\" aria-label=\"Read more about ANTT disponibiliza novo sistema automatizado para registro de autos de infra\u00e7\u00e3o\" tabindex=\"-1\" >\n\t\t\tLer Mais \u00bb\t\t<\/a>\n\n\t\t\t\t<\/div>\n\t\t\t\t<\/article>\n\t\t\t\t<article class=\"elementor-post elementor-grid-item post-135 post type-post status-publish format-standard has-post-thumbnail hentry category-blog\">\n\t\t\t\t<a class=\"elementor-post__thumbnail__link\" href=\"https:\/\/transparaguay.com\/es\/paises-do-mercosul-adotam-placa-unificada-de-veiculos-a-partir-de-2016\/\" tabindex=\"-1\" >\n\t\t\t<div class=\"elementor-post__thumbnail\"><img loading=\"lazy\" decoding=\"async\" width=\"300\" height=\"131\" src=\"https:\/\/transparaguay.com\/wp-content\/uploads\/2022\/05\/d117bbf6e06855227d307fb352d0bfe65440a30da322e_grd-300x131.jpg\" class=\"attachment-medium size-medium wp-image-136\" alt=\"\" srcset=\"https:\/\/transparaguay.com\/wp-content\/uploads\/2022\/05\/d117bbf6e06855227d307fb352d0bfe65440a30da322e_grd-300x131.jpg 300w, https:\/\/transparaguay.com\/wp-content\/uploads\/2022\/05\/d117bbf6e06855227d307fb352d0bfe65440a30da322e_grd.jpg 600w\" sizes=\"100vw\" \/><\/div>\n\t\t<\/a>\n\t\t\t\t<div class=\"elementor-post__text\">\n\t\t\t\t<h3 class=\"elementor-post__title\">\n\t\t\t<a href=\"https:\/\/transparaguay.com\/es\/paises-do-mercosul-adotam-placa-unificada-de-veiculos-a-partir-de-2016\/\" >\n\t\t\t\tPa\u00edses do Mercosul adotam placa unificada de ve\u00edculos a partir de 2016\t\t\t<\/a>\n\t\t<\/h3>\n\t\t\t\t<div class=\"elementor-post__meta-data\">\n\t\t\t\t\t<span class=\"elementor-post-date\">\n\t\t\t31 de mayo de 2022\t\t<\/span>\n\t\t\t\t<span class=\"elementor-post-avatar\">\n\t\t\tNo hay comentarios\t\t<\/span>\n\t\t\t\t<\/div>\n\t\t\t\t<div class=\"elementor-post__excerpt\">\n\t\t\t<p>Primeiramente, nova identifica\u00e7\u00e3o ser\u00e1 obrigat\u00f3ria para todos os ve\u00edculos de transporte de mercadoria e passageiros, dois anos depois ser\u00e1 a vez dos carros de passeio.<\/p>\n\t\t<\/div>\n\t\t\n\t\t<a class=\"elementor-post__read-more\" href=\"https:\/\/transparaguay.com\/es\/paises-do-mercosul-adotam-placa-unificada-de-veiculos-a-partir-de-2016\/\" aria-label=\"Read more about Pa\u00edses do Mercosul adotam placa unificada de ve\u00edculos a partir de 2016\" tabindex=\"-1\" >\n\t\t\tLer Mais \u00bb\t\t<\/a>\n\n\t\t\t\t<\/div>\n\t\t\t\t<\/article>\n\t\t\t\t<article class=\"elementor-post elementor-grid-item post-133 post type-post status-publish format-standard has-post-thumbnail hentry category-blog\">\n\t\t\t\t<a class=\"elementor-post__thumbnail__link\" href=\"https:\/\/transparaguay.com\/es\/mercedes-benz-do-brasil-investira-r-730-milhoes-entre-2015-e-2018\/\" tabindex=\"-1\" >\n\t\t\t<div class=\"elementor-post__thumbnail\"><img loading=\"lazy\" decoding=\"async\" width=\"300\" height=\"200\" src=\"https:\/\/transparaguay.com\/wp-content\/uploads\/2022\/05\/fc0e00e33693dddd06775c3ab4506d5d5440a2b78cfbe_grd-300x200.jpg\" class=\"attachment-medium size-medium wp-image-132\" alt=\"\" srcset=\"https:\/\/transparaguay.com\/wp-content\/uploads\/2022\/05\/fc0e00e33693dddd06775c3ab4506d5d5440a2b78cfbe_grd-300x200.jpg 300w, https:\/\/transparaguay.com\/wp-content\/uploads\/2022\/05\/fc0e00e33693dddd06775c3ab4506d5d5440a2b78cfbe_grd.jpg 600w\" sizes=\"100vw\" \/><\/div>\n\t\t<\/a>\n\t\t\t\t<div class=\"elementor-post__text\">\n\t\t\t\t<h3 class=\"elementor-post__title\">\n\t\t\t<a href=\"https:\/\/transparaguay.com\/es\/mercedes-benz-do-brasil-investira-r-730-milhoes-entre-2015-e-2018\/\" >\n\t\t\t\tMercedes-Benz do Brasil investir\u00e1 R$ 730 milh\u00f5es entre 2015 e 2018\t\t\t<\/a>\n\t\t<\/h3>\n\t\t\t\t<div class=\"elementor-post__meta-data\">\n\t\t\t\t\t<span class=\"elementor-post-date\">\n\t\t\t31 de mayo de 2022\t\t<\/span>\n\t\t\t\t<span class=\"elementor-post-avatar\">\n\t\t\tNo hay comentarios\t\t<\/span>\n\t\t\t\t<\/div>\n\t\t\t\t<div class=\"elementor-post__excerpt\">\n\t\t\t<p>Planta de S\u00e3o Bernardo do Campo (SP) receber\u00e1 R$ 500 milh\u00f5es para constru\u00e7\u00e3o de novas linhas de produ\u00e7\u00e3o e outras melhorias; Ju\u00edz de Fora (MG)<\/p>\n\t\t<\/div>\n\t\t\n\t\t<a class=\"elementor-post__read-more\" href=\"https:\/\/transparaguay.com\/es\/mercedes-benz-do-brasil-investira-r-730-milhoes-entre-2015-e-2018\/\" aria-label=\"Read more about Mercedes-Benz do Brasil investir\u00e1 R$ 730 milh\u00f5es entre 2015 e 2018\" tabindex=\"-1\" >\n\t\t\tLer Mais \u00bb\t\t<\/a>\n\n\t\t\t\t<\/div>\n\t\t\t\t<\/article>\n\t\t\t\t<\/div>\n\t\t\n\t\t\t\t\t\t<\/div>\n\t\t\t\t<\/div>\n\t\t\t\t\t<\/div>\n\t\t<\/div>\n\t\t\t\t<div class=\"elementor-column elementor-col-33 elementor-top-column elementor-element elementor-element-3cb0810\" data-id=\"3cb0810\" data-element_type=\"column\">\n\t\t\t<div class=\"elementor-widget-wrap elementor-element-populated\">\n\t\t\t\t\t\t<div class=\"elementor-element elementor-element-6c9af11 elementor-widget elementor-widget-heading\" data-id=\"6c9af11\" data-element_type=\"widget\" data-widget_type=\"heading.default\">\n\t\t\t\t<div class=\"elementor-widget-container\">\n\t\t\t\t\t<h4 class=\"elementor-heading-title elementor-size-default\">PESQUISA<\/h4>\t\t\t\t<\/div>\n\t\t\t\t<\/div>\n\t\t\t\t<div class=\"elementor-element elementor-element-02f72cf elementor-widget elementor-widget-heading\" data-id=\"02f72cf\" data-element_type=\"widget\" data-widget_type=\"heading.default\">\n\t\t\t\t<div class=\"elementor-widget-container\">\n\t\t\t\t\t<h4 class=\"elementor-heading-title elementor-size-default\">MAPA DO SITE<\/h4>\t\t\t\t<\/div>\n\t\t\t\t<\/div>\n\t\t\t\t<div class=\"elementor-element elementor-element-5f647cf elementor-widget elementor-widget-heading\" data-id=\"5f647cf\" data-element_type=\"widget\" data-widget_type=\"heading.default\">\n\t\t\t\t<div class=\"elementor-widget-container\">\n\t\t\t\t\t<h4 class=\"elementor-heading-title elementor-size-default\">FACEBOOK<\/h4>\t\t\t\t<\/div>\n\t\t\t\t<\/div>\n\t\t\t\t<div class=\"elementor-element elementor-element-d96f5d3 elementor-widget elementor-widget-facebook-page\" data-id=\"d96f5d3\" data-element_type=\"widget\" data-widget_type=\"facebook-page.default\">\n\t\t\t\t<div class=\"elementor-widget-container\">\n\t\t\t\t\t<div class=\"elementor-facebook-widget fb-page\" data-href=\"https:\/\/www.facebook.com\/Transparaguay-340122036167956\/\" data-tabs=\"timeline\" data-height=\"500px\" data-width=\"500px\" data-small-header=\"false\" data-hide-cover=\"false\" data-show-facepile=\"true\" data-hide-cta=\"false\" style=\"min-height: 1px;height:500px\"><\/div>\t\t\t\t<\/div>\n\t\t\t\t<\/div>\n\t\t\t\t\t<\/div>\n\t\t<\/div>\n\t\t\t\t\t<\/div>\n\t\t<\/section>\n\t\t\t\t<\/div>","protected":false},"excerpt":{"rendered":"<p>not\u00edcias PESQUISA MAPA DO SITE EMPRESA HIST\u00d3RIA LINHA DO TEMPO GALERIA DE FOTOS SERVI\u00c7OS NOT\u00cdCIAS COTA\u00c7\u00c3O ONLINE LINKS IMPRENSA CONTATO RASTREIO FACEBOOK<\/p>","protected":false},"author":1,"featured_media":0,"parent":0,"menu_order":0,"comment_status":"closed","ping_status":"closed","template":"elementor_header_footer","meta":{"footnotes":""},"class_list":["post-981","page","type-page","status-publish","hentry"],"_links":{"self":[{"href":"https:\/\/transparaguay.com\/es\/wp-json\/wp\/v2\/pages\/981","targetHints":{"allow":["GET"]}}],"collection":[{"href":"https:\/\/transparaguay.com\/es\/wp-json\/wp\/v2\/pages"}],"about":[{"href":"https:\/\/transparaguay.com\/es\/wp-json\/wp\/v2\/types\/page"}],"author":[{"embeddable":true,"href":"https:\/\/transparaguay.com\/es\/wp-json\/wp\/v2\/users\/1"}],"replies":[{"embeddable":true,"href":"https:\/\/transparaguay.com\/es\/wp-json\/wp\/v2\/comments?post=981"}],"version-history":[{"count":16,"href":"https:\/\/transparaguay.com\/es\/wp-json\/wp\/v2\/pages\/981\/revisions"}],"predecessor-version":[{"id":1072,"href":"https:\/\/transparaguay.com\/es\/wp-json\/wp\/v2\/pages\/981\/revisions\/1072"}],"wp:attachment":[{"href":"https:\/\/transparaguay.com\/es\/wp-json\/wp\/v2\/media?parent=981"}],"curies":[{"name":"wp","href":"https:\/\/api.w.org\/{rel}","templated":true}]}}