{"id":857,"date":"2022-06-27T14:59:58","date_gmt":"2022-06-27T17:59:58","guid":{"rendered":"https:\/\/transparaguay.com\/?page_id=857"},"modified":"2022-08-30T18:03:10","modified_gmt":"2022-08-30T21:03:10","slug":"links","status":"publish","type":"page","link":"https:\/\/transparaguay.com\/es\/links\/","title":{"rendered":"Links"},"content":{"rendered":"<div data-elementor-type=\"wp-page\" data-elementor-id=\"857\" class=\"elementor elementor-857\" data-elementor-post-type=\"page\">\n\t\t\t\t\t\t<section class=\"elementor-section elementor-top-section elementor-element elementor-element-16af5064 elementor-section-full_width elementor-section-height-default elementor-section-height-default\" data-id=\"16af5064\" data-element_type=\"section\" data-settings=\"{&quot;background_background&quot;:&quot;classic&quot;}\">\n\t\t\t\t\t\t\t<div class=\"elementor-background-overlay\"><\/div>\n\t\t\t\t\t\t\t<div class=\"elementor-container elementor-column-gap-no\">\n\t\t\t\t\t<div class=\"elementor-column elementor-col-100 elementor-top-column elementor-element elementor-element-6dc8eb83\" data-id=\"6dc8eb83\" data-element_type=\"column\">\n\t\t\t<div class=\"elementor-widget-wrap elementor-element-populated\">\n\t\t\t\t\t\t<section class=\"elementor-section elementor-inner-section elementor-element elementor-element-2157955a elementor-section-boxed elementor-section-height-default elementor-section-height-default elementor-invisible\" data-id=\"2157955a\" data-element_type=\"section\" data-settings=\"{&quot;animation&quot;:&quot;fadeIn&quot;}\">\n\t\t\t\t\t\t<div class=\"elementor-container elementor-column-gap-default\">\n\t\t\t\t\t<div class=\"elementor-column elementor-col-50 elementor-inner-column elementor-element elementor-element-22d42a92\" data-id=\"22d42a92\" data-element_type=\"column\">\n\t\t\t<div class=\"elementor-widget-wrap elementor-element-populated\">\n\t\t\t\t\t\t<div class=\"elementor-element elementor-element-5a0f2049 elementor-widget elementor-widget-heading\" data-id=\"5a0f2049\" data-element_type=\"widget\" data-widget_type=\"heading.default\">\n\t\t\t\t<div class=\"elementor-widget-container\">\n\t\t\t\t\t<h2 class=\"elementor-heading-title elementor-size-default\">links<\/h2>\t\t\t\t<\/div>\n\t\t\t\t<\/div>\n\t\t\t\t\t<\/div>\n\t\t<\/div>\n\t\t\t\t<div class=\"elementor-column elementor-col-50 elementor-inner-column elementor-element elementor-element-9c19a9\" data-id=\"9c19a9\" data-element_type=\"column\">\n\t\t\t<div class=\"elementor-widget-wrap elementor-element-populated\">\n\t\t\t\t\t\t<div class=\"elementor-element elementor-element-58843712 elementor-widget elementor-widget-image\" data-id=\"58843712\" data-element_type=\"widget\" data-widget_type=\"image.default\">\n\t\t\t\t<div class=\"elementor-widget-container\">\n\t\t\t\t\t\t\t\t\t\t\t\t\t\t\t<img fetchpriority=\"high\" decoding=\"async\" width=\"500\" height=\"500\" src=\"https:\/\/transparaguay.com\/wp-content\/uploads\/2022\/06\/Logo-60-Anos.png\" class=\"attachment-full size-full wp-image-828\" alt=\"\" srcset=\"https:\/\/transparaguay.com\/wp-content\/uploads\/2022\/06\/Logo-60-Anos.png 500w, https:\/\/transparaguay.com\/wp-content\/uploads\/2022\/06\/Logo-60-Anos-300x300.png 300w, https:\/\/transparaguay.com\/wp-content\/uploads\/2022\/06\/Logo-60-Anos-150x150.png 150w\" sizes=\"100vw\" \/>\t\t\t\t\t\t\t\t\t\t\t\t\t\t\t<\/div>\n\t\t\t\t<\/div>\n\t\t\t\t\t<\/div>\n\t\t<\/div>\n\t\t\t\t\t<\/div>\n\t\t<\/section>\n\t\t\t\t<div class=\"elementor-element elementor-element-2a0c7d27 elementor-widget-divider--view-line elementor-widget elementor-widget-divider\" data-id=\"2a0c7d27\" data-element_type=\"widget\" data-widget_type=\"divider.default\">\n\t\t\t\t<div class=\"elementor-widget-container\">\n\t\t\t\t\t\t\t<div class=\"elementor-divider\">\n\t\t\t<span class=\"elementor-divider-separator\">\n\t\t\t\t\t\t<\/span>\n\t\t<\/div>\n\t\t\t\t\t\t<\/div>\n\t\t\t\t<\/div>\n\t\t\t\t\t<\/div>\n\t\t<\/div>\n\t\t\t\t\t<\/div>\n\t\t<\/section>\n\t\t\t\t<section class=\"elementor-section elementor-top-section elementor-element elementor-element-3d854595 elementor-section-height-min-height elementor-section-boxed elementor-section-height-default elementor-section-items-middle\" data-id=\"3d854595\" data-element_type=\"section\" data-settings=\"{&quot;background_background&quot;:&quot;classic&quot;}\">\n\t\t\t\t\t\t\t<div class=\"elementor-background-overlay\"><\/div>\n\t\t\t\t\t\t\t<div class=\"elementor-container elementor-column-gap-default\">\n\t\t\t\t\t<div class=\"elementor-column elementor-col-100 elementor-top-column elementor-element elementor-element-207c3521\" data-id=\"207c3521\" data-element_type=\"column\">\n\t\t\t<div class=\"elementor-widget-wrap elementor-element-populated\">\n\t\t\t\t\t\t<section class=\"elementor-section elementor-inner-section elementor-element elementor-element-64324177 elementor-section-boxed elementor-section-height-default elementor-section-height-default\" data-id=\"64324177\" data-element_type=\"section\">\n\t\t\t\t\t\t<div class=\"elementor-container elementor-column-gap-default\">\n\t\t\t\t\t<div class=\"elementor-column elementor-col-50 elementor-inner-column elementor-element elementor-element-77e30e02\" data-id=\"77e30e02\" data-element_type=\"column\">\n\t\t\t<div class=\"elementor-widget-wrap elementor-element-populated\">\n\t\t\t\t\t\t<div class=\"elementor-element elementor-element-d71dc4b elementor-widget elementor-widget-image\" data-id=\"d71dc4b\" data-element_type=\"widget\" data-widget_type=\"image.default\">\n\t\t\t\t<div class=\"elementor-widget-container\">\n\t\t\t\t\t\t\t\t\t\t\t\t\t\t\t<img decoding=\"async\" width=\"525\" height=\"394\" src=\"https:\/\/transparaguay.com\/wp-content\/uploads\/2022\/06\/IMG-20211108-WA0003-1024x768.jpg\" class=\"elementor-animation-hang attachment-large size-large wp-image-886\" alt=\"\" srcset=\"https:\/\/transparaguay.com\/wp-content\/uploads\/2022\/06\/IMG-20211108-WA0003-1024x768.jpg 1024w, https:\/\/transparaguay.com\/wp-content\/uploads\/2022\/06\/IMG-20211108-WA0003-300x225.jpg 300w, https:\/\/transparaguay.com\/wp-content\/uploads\/2022\/06\/IMG-20211108-WA0003-768x576.jpg 768w, https:\/\/transparaguay.com\/wp-content\/uploads\/2022\/06\/IMG-20211108-WA0003-1536x1152.jpg 1536w, https:\/\/transparaguay.com\/wp-content\/uploads\/2022\/06\/IMG-20211108-WA0003.jpg 1600w\" sizes=\"100vw\" \/>\t\t\t\t\t\t\t\t\t\t\t\t\t\t\t<\/div>\n\t\t\t\t<\/div>\n\t\t\t\t<div class=\"elementor-element elementor-element-9430e13 elementor-widget elementor-widget-image\" data-id=\"9430e13\" data-element_type=\"widget\" data-widget_type=\"image.default\">\n\t\t\t\t<div class=\"elementor-widget-container\">\n\t\t\t\t\t\t\t\t\t\t\t\t\t\t\t<img decoding=\"async\" width=\"525\" height=\"342\" src=\"https:\/\/transparaguay.com\/wp-content\/uploads\/2022\/06\/IMG-20210419-WA0015a-1024x668.jpg\" class=\"elementor-animation-hang attachment-large size-large wp-image-804\" alt=\"\" srcset=\"https:\/\/transparaguay.com\/wp-content\/uploads\/2022\/06\/IMG-20210419-WA0015a-1024x668.jpg 1024w, https:\/\/transparaguay.com\/wp-content\/uploads\/2022\/06\/IMG-20210419-WA0015a-300x196.jpg 300w, https:\/\/transparaguay.com\/wp-content\/uploads\/2022\/06\/IMG-20210419-WA0015a-768x501.jpg 768w, https:\/\/transparaguay.com\/wp-content\/uploads\/2022\/06\/IMG-20210419-WA0015a.jpg 1272w\" sizes=\"100vw\" \/>\t\t\t\t\t\t\t\t\t\t\t\t\t\t\t<\/div>\n\t\t\t\t<\/div>\n\t\t\t\t<div class=\"elementor-element elementor-element-fc74a59 elementor-widget elementor-widget-image\" data-id=\"fc74a59\" data-element_type=\"widget\" data-widget_type=\"image.default\">\n\t\t\t\t<div class=\"elementor-widget-container\">\n\t\t\t\t\t\t\t\t\t\t\t\t\t\t\t<img loading=\"lazy\" decoding=\"async\" width=\"525\" height=\"394\" src=\"https:\/\/transparaguay.com\/wp-content\/uploads\/2022\/06\/IMG-20200730-WA0081-1024x768.jpg\" class=\"elementor-animation-hang attachment-large size-large wp-image-885\" alt=\"\" srcset=\"https:\/\/transparaguay.com\/wp-content\/uploads\/2022\/06\/IMG-20200730-WA0081-1024x768.jpg 1024w, https:\/\/transparaguay.com\/wp-content\/uploads\/2022\/06\/IMG-20200730-WA0081-300x225.jpg 300w, https:\/\/transparaguay.com\/wp-content\/uploads\/2022\/06\/IMG-20200730-WA0081-768x576.jpg 768w, https:\/\/transparaguay.com\/wp-content\/uploads\/2022\/06\/IMG-20200730-WA0081.jpg 1280w\" sizes=\"100vw\" \/>\t\t\t\t\t\t\t\t\t\t\t\t\t\t\t<\/div>\n\t\t\t\t<\/div>\n\t\t\t\t\t<\/div>\n\t\t<\/div>\n\t\t\t\t<div class=\"elementor-column elementor-col-50 elementor-inner-column elementor-element elementor-element-1d54d5e0\" data-id=\"1d54d5e0\" data-element_type=\"column\" data-settings=\"{&quot;background_background&quot;:&quot;classic&quot;}\">\n\t\t\t<div class=\"elementor-widget-wrap elementor-element-populated\">\n\t\t\t\t\t\t<div class=\"elementor-element elementor-element-6eeadbd elementor-widget elementor-widget-text-editor\" data-id=\"6eeadbd\" data-element_type=\"widget\" data-widget_type=\"text-editor.default\">\n\t\t\t\t<div class=\"elementor-widget-container\">\n\t\t\t\t\t\t\t\t\t<ul><li><a href=\"http:\/\/www.abti.org.br\/\" target=\"_blank\" rel=\"noopener\" data-saferedirecturl=\"https:\/\/www.google.com\/url?q=http:\/\/www.abti.org.br\/&amp;source=gmail&amp;ust=1660137154174000&amp;usg=AOvVaw1TEPCfH4Yr9EJYyEirOOU9\">ABTI \u2013 Associa\u00e7\u00e3o Brasileira de Transportes Internacionais<\/a><\/li><li><a href=\"http:\/\/www.cnt.org.br\/\" target=\"_blank\" rel=\"noopener\" data-saferedirecturl=\"https:\/\/www.google.com\/url?q=http:\/\/www.cnt.org.br\/&amp;source=gmail&amp;ust=1660137154174000&amp;usg=AOvVaw1_E2PCk9GTFVHHK_bJwgaz\">CNT \u2013 Confedera\u00e7\u00e3o Nacional do Transporte<\/a><\/li><li><a href=\"http:\/\/www.acifi.org.br\/\" target=\"_blank\" rel=\"noopener\" data-saferedirecturl=\"https:\/\/www.google.com\/url?q=http:\/\/www.acifi.org.br\/&amp;source=gmail&amp;ust=1660137154174000&amp;usg=AOvVaw1Cnj78WibRiJk66GAMr2K4\">ACIFI \u2013 Associa\u00e7\u00e3o Comercial e Empresarial de Foz do Igua\u00e7u<\/a><\/li><li><a href=\"http:\/\/www.portalntc.org.br\/\" target=\"_blank\" rel=\"noopener\" data-saferedirecturl=\"https:\/\/www.google.com\/url?q=http:\/\/www.portalntc.org.br\/&amp;source=gmail&amp;ust=1660137154174000&amp;usg=AOvVaw2TsbA-lfbpJHdNQuTjUPPE\">NTC &amp; LOGISTICA<\/a><\/li><li><a href=\"http:\/\/www.sindifoz.com.br\/\" target=\"_blank\" rel=\"noopener\">SINDIFOZ<\/a>\u00a0<\/li><li><a href=\"https:\/\/setcesp.org.br\/\" target=\"_blank\" rel=\"noopener\">SETCESP<\/a><\/li><li>\u00a0<a href=\"https:\/\/site.multilog.com.br\/\" target=\"_blank\" rel=\"noopener\">MULTILOG<\/a><\/li><li><a href=\"http:\/\/www.receita.fazenda.gov.br\/\" target=\"_blank\" rel=\"noopener\" data-saferedirecturl=\"https:\/\/www.google.com\/url?q=http:\/\/www.receita.fazenda.gov.br\/&amp;source=gmail&amp;ust=1660137154174000&amp;usg=AOvVaw1I2Sem2Xi8d4hg8wavfzCD\">RECEITA FEDERAL DO BRASIL<\/a><\/li><li><a href=\"http:\/\/www4.bcb.gov.br\/pec\/taxas\/port\/ptaxnpesq.asp?id=txcotacao&amp;id=txcotacao\" target=\"_blank\" rel=\"noopener\" data-saferedirecturl=\"https:\/\/www.google.com\/url?q=http:\/\/www4.bcb.gov.br\/pec\/taxas\/port\/ptaxnpesq.asp?id%3Dtxcotacao%26id%3Dtxcotacao&amp;source=gmail&amp;ust=1660137154174000&amp;usg=AOvVaw0kJr1MZTyz9l2HZrMZ0qfk\">BANCO CENTRAL DO BRASIL \u2013 Taxas de C\u00e2mbios<\/a><\/li><li><a href=\"https:\/\/appweb1.antt.gov.br\/scff\/conPlaca.asp\" target=\"_blank\" rel=\"noopener\" data-saferedirecturl=\"https:\/\/www.google.com\/url?q=https:\/\/appweb1.antt.gov.br\/scff\/conPlaca.asp&amp;source=gmail&amp;ust=1660137154174000&amp;usg=AOvVaw0At1jlyGu6zO-otAbau22J\">ANTT \u2013 CONSULTA AOS VE\u00edCULOS HABILITADOS<\/a><\/li><li><a href=\"http:\/\/www.detran.sp.gov.br\/\" target=\"_blank\" rel=\"noopener\" data-saferedirecturl=\"https:\/\/www.google.com\/url?q=http:\/\/www.detran.sp.gov.br\/&amp;source=gmail&amp;ust=1660137154174000&amp;usg=AOvVaw1DAXxEKNKyxW98kkquLjNg\">DETRAN S\u00c3O PAULO<\/a><\/li><li><a href=\"http:\/\/www.detran.pr.gov.br\/\" target=\"_blank\" rel=\"noopener\" data-saferedirecturl=\"https:\/\/www.google.com\/url?q=http:\/\/www.detran.pr.gov.br\/&amp;source=gmail&amp;ust=1660137154174000&amp;usg=AOvVaw34-8JMueJlRlczwy_0GUsd\">DETRAN PARAN\u00c1<\/a><\/li><li><a href=\"https:\/\/www.aduana.gov.py\/\" target=\"_blank\" rel=\"noopener\" data-saferedirecturl=\"https:\/\/www.google.com\/url?q=http:\/\/www.aduana.gov.py\/&amp;source=gmail&amp;ust=1660137154174000&amp;usg=AOvVaw2TFV0q9O7MnO-eZrttE334\">ADUANA PARAGUAY<\/a>\u00a0<\/li><li><a href=\"http:\/\/www.dinatran.gov.py\/\" target=\"_blank\" rel=\"noopener\" data-saferedirecturl=\"https:\/\/www.google.com\/url?q=http:\/\/www.dinatran.gov.py\/&amp;source=gmail&amp;ust=1660137154174000&amp;usg=AOvVaw1XX29efmje6k2Zu133ly-8\">DINATRAN \u2013 Direcci\u00f3n Nacional de Transporte<\/a><\/li><li><a href=\"http:\/\/www.cdap.org.py\/\" target=\"_blank\" rel=\"noopener\" data-saferedirecturl=\"https:\/\/www.google.com\/url?q=http:\/\/www.cdap.org.py\/&amp;source=gmail&amp;ust=1660137154174000&amp;usg=AOvVaw0vZyS9OmMOy3qVj82k-v_f\">CENTRO DE DESPACHANTES DE ADUANA DEL PARAGUAY<\/a><\/li><li><a href=\"http:\/\/www.cip.org.py\/\" target=\"_blank\" rel=\"noopener\" data-saferedirecturl=\"https:\/\/www.google.com\/url?q=http:\/\/www.cip.org.py\/&amp;source=gmail&amp;ust=1660137154174000&amp;usg=AOvVaw0eta7Jj5-Me2AlkGhAMMzl\">CENTRO DE IMPORTADORES DEL PARAGUAY<\/a><\/li><li><a href=\"https:\/\/www.tacpy.com.py\/\" target=\"_blank\" rel=\"noopener\" data-saferedirecturl=\"https:\/\/www.google.com\/url?q=http:\/\/www.tacpy.com.py\/&amp;source=gmail&amp;ust=1660137154174000&amp;usg=AOvVaw0oQQGXL04e5GSLjoL-P4-b\">TOURING AUTOM\u00d3VIL CLUB PARAGUAYO<\/a><\/li><li><a href=\"http:\/\/www.puertoseguro.com.py\/\" target=\"_blank\" rel=\"noopener\" data-saferedirecturl=\"https:\/\/www.google.com\/url?q=http:\/\/www.puertoseguro.com.py\/&amp;source=gmail&amp;ust=1660137154174000&amp;usg=AOvVaw3DEaTwTlpLtIUdXAEOwRdy\">PUERTO SEGURO \u2013 Terminal Portuaria Terrestre<\/a><\/li><li><a href=\"http:\/\/www.algesa.com.py\/\" target=\"_blank\" rel=\"noopener\" data-saferedirecturl=\"https:\/\/www.google.com\/url?q=http:\/\/www.algesa.com.py\/&amp;source=gmail&amp;ust=1660137154174000&amp;usg=AOvVaw38Rlr4at2AfsUq9GmPB9BM\">ALGESA \u2013 ALMACENES GENERALES<\/a><\/li><li><a href=\"http:\/\/www.puertofenix.com.py\/\" target=\"_blank\" rel=\"noopener\" data-saferedirecturl=\"https:\/\/www.google.com\/url?q=http:\/\/www.puertofenix.com.py\/&amp;source=gmail&amp;ust=1660137154174000&amp;usg=AOvVaw17DBYq_w-GV7WUSC5YD7H3\">PUERTO FENIX<\/a><\/li><li><a href=\"http:\/\/www.puertosanjose.com.py\/\" target=\"_blank\" rel=\"noopener\" data-saferedirecturl=\"https:\/\/www.google.com\/url?q=http:\/\/www.puertosanjose.com.py\/&amp;source=gmail&amp;ust=1660137154174000&amp;usg=AOvVaw2_nYEvmQRC2MrKEoiTUlxr\">PUERTO SAN JOS\u00c9 \/ EMPEDRIL<\/a><\/li><li><a href=\"https:\/\/www.caa.com.py\/\" target=\"_blank\" rel=\"noopener\">PUERTO\u00a0CAACUPEMI\u00a0<\/a><\/li><li><a href=\"https:\/\/codesa.com.py\/\" target=\"_blank\" rel=\"noopener\">PUERTO CODESA<\/a><\/li><li><a href=\"http:\/\/gical.com.py\/\" target=\"_blank\" rel=\"noopener\" data-saferedirecturl=\"https:\/\/www.google.com\/url?q=http:\/\/gical.com.py\/&amp;source=gmail&amp;ust=1660137154174000&amp;usg=AOvVaw2XSS5ei0Pfy_yWhYaA8fMj\">PUERTO GICAL<\/a><\/li><li><a href=\"http:\/\/www.terport.com.py\/es\/\" data-saferedirecturl=\"https:\/\/www.google.com\/url?q=http:\/\/www.terport.com.py\/es\/&amp;source=gmail&amp;ust=1660137154174000&amp;usg=AOvVaw1DcN3ODy2N-DX4h7LMHbp8\">PUERTO TERPORT<\/a><\/li><\/ul>\t\t\t\t\t\t\t\t<\/div>\n\t\t\t\t<\/div>\n\t\t\t\t\t<\/div>\n\t\t<\/div>\n\t\t\t\t\t<\/div>\n\t\t<\/section>\n\t\t\t\t\t<\/div>\n\t\t<\/div>\n\t\t\t\t\t<\/div>\n\t\t<\/section>\n\t\t\t\t<\/div>","protected":false},"excerpt":{"rendered":"<p>links ABTI \u2013 Associa\u00e7\u00e3o Brasileira de Transportes Internacionais CNT \u2013 Confedera\u00e7\u00e3o Nacional do Transporte ACIFI \u2013 Associa\u00e7\u00e3o Comercial e Empresarial de Foz do Igua\u00e7u NTC &amp; LOGISTICA SINDIFOZ\u00a0 SETCESP \u00a0MULTILOG RECEITA FEDERAL DO BRASIL BANCO CENTRAL DO BRASIL \u2013 Taxas de C\u00e2mbios ANTT \u2013 CONSULTA AOS VE\u00edCULOS HABILITADOS DETRAN S\u00c3O PAULO DETRAN PARAN\u00c1 ADUANA PARAGUAY\u00a0 &hellip; <\/p>\n<p class=\"link-more\"><a href=\"https:\/\/transparaguay.com\/es\/links\/\" class=\"more-link\">Continuar leyendo<span class=\"screen-reader-text\"> &#8220;Links&#8221;<\/span><\/a><\/p>","protected":false},"author":1,"featured_media":0,"parent":0,"menu_order":0,"comment_status":"closed","ping_status":"closed","template":"elementor_header_footer","meta":{"footnotes":""},"class_list":["post-857","page","type-page","status-publish","hentry"],"_links":{"self":[{"href":"https:\/\/transparaguay.com\/es\/wp-json\/wp\/v2\/pages\/857","targetHints":{"allow":["GET"]}}],"collection":[{"href":"https:\/\/transparaguay.com\/es\/wp-json\/wp\/v2\/pages"}],"about":[{"href":"https:\/\/transparaguay.com\/es\/wp-json\/wp\/v2\/types\/page"}],"author":[{"embeddable":true,"href":"https:\/\/transparaguay.com\/es\/wp-json\/wp\/v2\/users\/1"}],"replies":[{"embeddable":true,"href":"https:\/\/transparaguay.com\/es\/wp-json\/wp\/v2\/comments?post=857"}],"version-history":[{"count":31,"href":"https:\/\/transparaguay.com\/es\/wp-json\/wp\/v2\/pages\/857\/revisions"}],"predecessor-version":[{"id":1411,"href":"https:\/\/transparaguay.com\/es\/wp-json\/wp\/v2\/pages\/857\/revisions\/1411"}],"wp:attachment":[{"href":"https:\/\/transparaguay.com\/es\/wp-json\/wp\/v2\/media?parent=857"}],"curies":[{"name":"wp","href":"https:\/\/api.w.org\/{rel}","templated":true}]}}