{"id":683,"date":"2022-06-19T18:24:26","date_gmt":"2022-06-19T21:24:26","guid":{"rendered":"https:\/\/transparaguay.com\/?page_id=683"},"modified":"2022-08-18T14:30:59","modified_gmt":"2022-08-18T17:30:59","slug":"servicos","status":"publish","type":"page","link":"https:\/\/transparaguay.com\/es\/servicos\/","title":{"rendered":"servicios"},"content":{"rendered":"<div data-elementor-type=\"wp-page\" data-elementor-id=\"683\" class=\"elementor elementor-683\" data-elementor-post-type=\"page\">\n\t\t\t\t\t\t<section class=\"elementor-section elementor-top-section elementor-element elementor-element-433214e elementor-section-full_width elementor-section-height-default elementor-section-height-default\" data-id=\"433214e\" data-element_type=\"section\" data-settings=\"{&quot;background_background&quot;:&quot;classic&quot;}\">\n\t\t\t\t\t\t\t<div class=\"elementor-background-overlay\"><\/div>\n\t\t\t\t\t\t\t<div class=\"elementor-container elementor-column-gap-no\">\n\t\t\t\t\t<div class=\"elementor-column elementor-col-100 elementor-top-column elementor-element elementor-element-cce077e\" data-id=\"cce077e\" data-element_type=\"column\">\n\t\t\t<div class=\"elementor-widget-wrap elementor-element-populated\">\n\t\t\t\t\t\t<section class=\"elementor-section elementor-inner-section elementor-element elementor-element-cd6cc79 elementor-section-boxed elementor-section-height-default elementor-section-height-default\" data-id=\"cd6cc79\" data-element_type=\"section\">\n\t\t\t\t\t\t<div class=\"elementor-container elementor-column-gap-default\">\n\t\t\t\t\t<div class=\"elementor-column elementor-col-50 elementor-inner-column elementor-element elementor-element-9ac50fe\" data-id=\"9ac50fe\" data-element_type=\"column\">\n\t\t\t<div class=\"elementor-widget-wrap elementor-element-populated\">\n\t\t\t\t\t\t<div class=\"elementor-element elementor-element-aa89a05 elementor-widget elementor-widget-heading\" data-id=\"aa89a05\" data-element_type=\"widget\" data-widget_type=\"heading.default\">\n\t\t\t\t<div class=\"elementor-widget-container\">\n\t\t\t\t\t<h2 class=\"elementor-heading-title elementor-size-default\">servicios<\/h2>\t\t\t\t<\/div>\n\t\t\t\t<\/div>\n\t\t\t\t\t<\/div>\n\t\t<\/div>\n\t\t\t\t<div class=\"elementor-column elementor-col-50 elementor-inner-column elementor-element elementor-element-02cc798\" data-id=\"02cc798\" data-element_type=\"column\">\n\t\t\t<div class=\"elementor-widget-wrap elementor-element-populated\">\n\t\t\t\t\t\t<div class=\"elementor-element elementor-element-b07f1bb elementor-widget elementor-widget-image\" data-id=\"b07f1bb\" data-element_type=\"widget\" data-widget_type=\"image.default\">\n\t\t\t\t<div class=\"elementor-widget-container\">\n\t\t\t\t\t\t\t\t\t\t\t\t\t\t\t<img fetchpriority=\"high\" decoding=\"async\" width=\"500\" height=\"500\" src=\"https:\/\/transparaguay.com\/wp-content\/uploads\/2022\/06\/Logo-60-Anos.png\" class=\"attachment-full size-full wp-image-828\" alt=\"\" srcset=\"https:\/\/transparaguay.com\/wp-content\/uploads\/2022\/06\/Logo-60-Anos.png 500w, https:\/\/transparaguay.com\/wp-content\/uploads\/2022\/06\/Logo-60-Anos-300x300.png 300w, https:\/\/transparaguay.com\/wp-content\/uploads\/2022\/06\/Logo-60-Anos-150x150.png 150w\" sizes=\"100vw\" \/>\t\t\t\t\t\t\t\t\t\t\t\t\t\t\t<\/div>\n\t\t\t\t<\/div>\n\t\t\t\t\t<\/div>\n\t\t<\/div>\n\t\t\t\t\t<\/div>\n\t\t<\/section>\n\t\t\t\t<div class=\"elementor-element elementor-element-c96e73d elementor-widget-divider--view-line elementor-widget elementor-widget-divider\" data-id=\"c96e73d\" data-element_type=\"widget\" data-widget_type=\"divider.default\">\n\t\t\t\t<div class=\"elementor-widget-container\">\n\t\t\t\t\t\t\t<div class=\"elementor-divider\">\n\t\t\t<span class=\"elementor-divider-separator\">\n\t\t\t\t\t\t<\/span>\n\t\t<\/div>\n\t\t\t\t\t\t<\/div>\n\t\t\t\t<\/div>\n\t\t\t\t\t<\/div>\n\t\t<\/div>\n\t\t\t\t\t<\/div>\n\t\t<\/section>\n\t\t\t\t<section class=\"elementor-section elementor-top-section elementor-element elementor-element-38790db elementor-section-boxed elementor-section-height-default elementor-section-height-default\" data-id=\"38790db\" data-element_type=\"section\" data-settings=\"{&quot;background_background&quot;:&quot;classic&quot;}\">\n\t\t\t\t\t\t\t<div class=\"elementor-background-overlay\"><\/div>\n\t\t\t\t\t\t\t<div class=\"elementor-container elementor-column-gap-default\">\n\t\t\t\t\t<div class=\"elementor-column elementor-col-100 elementor-top-column elementor-element elementor-element-8d97453\" data-id=\"8d97453\" data-element_type=\"column\">\n\t\t\t<div class=\"elementor-widget-wrap elementor-element-populated\">\n\t\t\t\t\t\t<section class=\"elementor-section elementor-inner-section elementor-element elementor-element-5920a0b elementor-section-boxed elementor-section-height-default elementor-section-height-default\" data-id=\"5920a0b\" data-element_type=\"section\">\n\t\t\t\t\t\t<div class=\"elementor-container elementor-column-gap-default\">\n\t\t\t\t\t<div class=\"elementor-column elementor-col-50 elementor-inner-column elementor-element elementor-element-352053e\" data-id=\"352053e\" data-element_type=\"column\">\n\t\t\t<div class=\"elementor-widget-wrap elementor-element-populated\">\n\t\t\t\t\t\t<div class=\"elementor-element elementor-element-bb4e51b elementor-widget elementor-widget-image\" data-id=\"bb4e51b\" data-element_type=\"widget\" data-widget_type=\"image.default\">\n\t\t\t\t<div class=\"elementor-widget-container\">\n\t\t\t\t\t\t\t\t\t\t\t\t\t\t\t<img decoding=\"async\" width=\"525\" height=\"349\" src=\"https:\/\/transparaguay.com\/wp-content\/uploads\/2022\/06\/DSC_9900-1024x680.jpg\" class=\"attachment-large size-large wp-image-391\" alt=\"\" srcset=\"https:\/\/transparaguay.com\/wp-content\/uploads\/2022\/06\/DSC_9900-1024x680.jpg 1024w, https:\/\/transparaguay.com\/wp-content\/uploads\/2022\/06\/DSC_9900-300x199.jpg 300w, https:\/\/transparaguay.com\/wp-content\/uploads\/2022\/06\/DSC_9900-768x510.jpg 768w, https:\/\/transparaguay.com\/wp-content\/uploads\/2022\/06\/DSC_9900-1536x1020.jpg 1536w, https:\/\/transparaguay.com\/wp-content\/uploads\/2022\/06\/DSC_9900.jpg 1715w\" sizes=\"100vw\" \/>\t\t\t\t\t\t\t\t\t\t\t\t\t\t\t<\/div>\n\t\t\t\t<\/div>\n\t\t\t\t<div class=\"elementor-element elementor-element-33071a2 elementor-widget elementor-widget-image\" data-id=\"33071a2\" data-element_type=\"widget\" data-widget_type=\"image.default\">\n\t\t\t\t<div class=\"elementor-widget-container\">\n\t\t\t\t\t\t\t\t\t\t\t\t\t\t\t<img decoding=\"async\" width=\"525\" height=\"332\" src=\"https:\/\/transparaguay.com\/wp-content\/uploads\/2022\/06\/Transparaguay-Foto-Marcos-Labanca-149-1-1024x647.jpg\" class=\"attachment-large size-large wp-image-802\" alt=\"\" srcset=\"https:\/\/transparaguay.com\/wp-content\/uploads\/2022\/06\/Transparaguay-Foto-Marcos-Labanca-149-1-1024x647.jpg 1024w, https:\/\/transparaguay.com\/wp-content\/uploads\/2022\/06\/Transparaguay-Foto-Marcos-Labanca-149-1-300x190.jpg 300w, https:\/\/transparaguay.com\/wp-content\/uploads\/2022\/06\/Transparaguay-Foto-Marcos-Labanca-149-1-768x485.jpg 768w, https:\/\/transparaguay.com\/wp-content\/uploads\/2022\/06\/Transparaguay-Foto-Marcos-Labanca-149-1-1536x971.jpg 1536w, https:\/\/transparaguay.com\/wp-content\/uploads\/2022\/06\/Transparaguay-Foto-Marcos-Labanca-149-1-2048x1294.jpg 2048w\" sizes=\"100vw\" \/>\t\t\t\t\t\t\t\t\t\t\t\t\t\t\t<\/div>\n\t\t\t\t<\/div>\n\t\t\t\t\t<\/div>\n\t\t<\/div>\n\t\t\t\t<div class=\"elementor-column elementor-col-50 elementor-inner-column elementor-element elementor-element-798d0d8\" data-id=\"798d0d8\" data-element_type=\"column\">\n\t\t\t<div class=\"elementor-widget-wrap elementor-element-populated\">\n\t\t\t\t\t\t<div class=\"elementor-element elementor-element-d78325f elementor-widget elementor-widget-heading\" data-id=\"d78325f\" data-element_type=\"widget\" data-widget_type=\"heading.default\">\n\t\t\t\t<div class=\"elementor-widget-container\">\n\t\t\t\t\t<h2 class=\"elementor-heading-title elementor-size-default\">CARGAS COMPLETAS\u200b<\/h2>\t\t\t\t<\/div>\n\t\t\t\t<\/div>\n\t\t\t\t<div class=\"elementor-element elementor-element-936d8d7 elementor-widget-divider--view-line elementor-widget elementor-widget-divider\" data-id=\"936d8d7\" data-element_type=\"widget\" data-widget_type=\"divider.default\">\n\t\t\t\t<div class=\"elementor-widget-container\">\n\t\t\t\t\t\t\t<div class=\"elementor-divider\">\n\t\t\t<span class=\"elementor-divider-separator\">\n\t\t\t\t\t\t<\/span>\n\t\t<\/div>\n\t\t\t\t\t\t<\/div>\n\t\t\t\t<\/div>\n\t\t\t\t<div class=\"elementor-element elementor-element-e09198d elementor-widget elementor-widget-text-editor\" data-id=\"e09198d\" data-element_type=\"widget\" data-widget_type=\"text-editor.default\">\n\t\t\t\t<div class=\"elementor-widget-container\">\n\t\t\t\t\t\t\t\t\t<p>Operamos cargas completas, es decir, exclusivas para un solo cliente, en remolques abiertos, camionetas y siders de acuerdo con el material transportado y las necesidades del contratista.<br \/><br \/>Al tratarse de embarques dedicados, la negociaci\u00f3n de recolecci\u00f3n, entrega, rutas y aduanas puede ser negociada punto por punto, siendo una gran opci\u00f3n para quien busca un servicio diferenciado, con ganancias en agilidad y reducci\u00f3n de riesgos.<br \/><br \/>Con amplia experiencia en el transporte de cargas completas, servicio tambi\u00e9n conocido como puerta a puerta, FTL (Full Truck Load), exclusivo o carga completa, Transparaguay cuenta con la especializaci\u00f3n necesaria para atender con excelencia todas las exigencias.<\/p>\t\t\t\t\t\t\t\t<\/div>\n\t\t\t\t<\/div>\n\t\t\t\t<div class=\"elementor-element elementor-element-2fbfc5e elementor-align-left elementor-widget elementor-widget-button\" data-id=\"2fbfc5e\" data-element_type=\"widget\" data-widget_type=\"button.default\">\n\t\t\t\t<div class=\"elementor-widget-container\">\n\t\t\t\t\t\t\t\t\t<div class=\"elementor-button-wrapper\">\n\t\t\t\t\t<a class=\"elementor-button elementor-button-link elementor-size-sm elementor-animation-grow\" href=\"https:\/\/transparaguay.com\/es\/cotacao-online\/\">\n\t\t\t\t\t\t<span class=\"elementor-button-content-wrapper\">\n\t\t\t\t\t\t\t\t\t<span class=\"elementor-button-text\">Solicitar presupuesto<\/span>\n\t\t\t\t\t<\/span>\n\t\t\t\t\t<\/a>\n\t\t\t\t<\/div>\n\t\t\t\t\t\t\t\t<\/div>\n\t\t\t\t<\/div>\n\t\t\t\t\t<\/div>\n\t\t<\/div>\n\t\t\t\t\t<\/div>\n\t\t<\/section>\n\t\t\t\t<section class=\"elementor-section elementor-inner-section elementor-element elementor-element-c8ca266 elementor-section-boxed elementor-section-height-default elementor-section-height-default\" data-id=\"c8ca266\" data-element_type=\"section\">\n\t\t\t\t\t\t<div class=\"elementor-container elementor-column-gap-default\">\n\t\t\t\t\t<div class=\"elementor-column elementor-col-33 elementor-inner-column elementor-element elementor-element-4c31e28 elementor-hidden-desktop\" data-id=\"4c31e28\" data-element_type=\"column\">\n\t\t\t<div class=\"elementor-widget-wrap elementor-element-populated\">\n\t\t\t\t\t\t<div class=\"elementor-element elementor-element-3539c0d elementor-widget elementor-widget-image\" data-id=\"3539c0d\" data-element_type=\"widget\" data-widget_type=\"image.default\">\n\t\t\t\t<div class=\"elementor-widget-container\">\n\t\t\t\t\t\t\t\t\t\t\t\t\t\t\t<img loading=\"lazy\" decoding=\"async\" width=\"525\" height=\"349\" src=\"https:\/\/transparaguay.com\/wp-content\/uploads\/2022\/06\/DSC_9808-1024x680.jpg\" class=\"attachment-large size-large wp-image-390\" alt=\"\" srcset=\"https:\/\/transparaguay.com\/wp-content\/uploads\/2022\/06\/DSC_9808-1024x680.jpg 1024w, https:\/\/transparaguay.com\/wp-content\/uploads\/2022\/06\/DSC_9808-300x199.jpg 300w, https:\/\/transparaguay.com\/wp-content\/uploads\/2022\/06\/DSC_9808-768x510.jpg 768w, https:\/\/transparaguay.com\/wp-content\/uploads\/2022\/06\/DSC_9808-1536x1020.jpg 1536w, https:\/\/transparaguay.com\/wp-content\/uploads\/2022\/06\/DSC_9808.jpg 1715w\" sizes=\"100vw\" \/>\t\t\t\t\t\t\t\t\t\t\t\t\t\t\t<\/div>\n\t\t\t\t<\/div>\n\t\t\t\t\t<\/div>\n\t\t<\/div>\n\t\t\t\t<div class=\"elementor-column elementor-col-33 elementor-inner-column elementor-element elementor-element-2f749a2\" data-id=\"2f749a2\" data-element_type=\"column\">\n\t\t\t<div class=\"elementor-widget-wrap elementor-element-populated\">\n\t\t\t\t\t\t<div class=\"elementor-element elementor-element-a1e4bdb elementor-widget elementor-widget-heading\" data-id=\"a1e4bdb\" data-element_type=\"widget\" data-widget_type=\"heading.default\">\n\t\t\t\t<div class=\"elementor-widget-container\">\n\t\t\t\t\t<h2 class=\"elementor-heading-title elementor-size-default\">CARGAS CONSOLIDADAS\u200b<\/h2>\t\t\t\t<\/div>\n\t\t\t\t<\/div>\n\t\t\t\t<div class=\"elementor-element elementor-element-7c727be elementor-widget-divider--view-line elementor-widget elementor-widget-divider\" data-id=\"7c727be\" data-element_type=\"widget\" data-widget_type=\"divider.default\">\n\t\t\t\t<div class=\"elementor-widget-container\">\n\t\t\t\t\t\t\t<div class=\"elementor-divider\">\n\t\t\t<span class=\"elementor-divider-separator\">\n\t\t\t\t\t\t<\/span>\n\t\t<\/div>\n\t\t\t\t\t\t<\/div>\n\t\t\t\t<\/div>\n\t\t\t\t<div class=\"elementor-element elementor-element-741c135 elementor-widget elementor-widget-text-editor\" data-id=\"741c135\" data-element_type=\"widget\" data-widget_type=\"text-editor.default\">\n\t\t\t\t<div class=\"elementor-widget-container\">\n\t\t\t\t\t\t\t\t\t<p>No importa el tama\u00f1o de su carga, Transparaguay cuenta con servicios de recolecci\u00f3n y consolidaci\u00f3n en todos los estados de Brasil y Paraguay con la mayor seguridad y agilidad posible.<\/p><p>Con salidas diarias desde el Estado de S\u00e3o Paulo y fletes competitivos, ofrecemos planificaci\u00f3n, log\u00edstica y eficiencia en el transporte de cargas consolidadas, tambi\u00e9n conocidas como cargas fraccionadas o LTL (Less Than Truck Load).<\/p>\t\t\t\t\t\t\t\t<\/div>\n\t\t\t\t<\/div>\n\t\t\t\t<div class=\"elementor-element elementor-element-2c91013 elementor-align-right elementor-widget elementor-widget-button\" data-id=\"2c91013\" data-element_type=\"widget\" data-widget_type=\"button.default\">\n\t\t\t\t<div class=\"elementor-widget-container\">\n\t\t\t\t\t\t\t\t\t<div class=\"elementor-button-wrapper\">\n\t\t\t\t\t<a class=\"elementor-button elementor-button-link elementor-size-sm elementor-animation-grow\" href=\"https:\/\/transparaguay.com\/es\/cotacao-online\/\">\n\t\t\t\t\t\t<span class=\"elementor-button-content-wrapper\">\n\t\t\t\t\t\t\t\t\t<span class=\"elementor-button-text\">Solicitar presupuesto<\/span>\n\t\t\t\t\t<\/span>\n\t\t\t\t\t<\/a>\n\t\t\t\t<\/div>\n\t\t\t\t\t\t\t\t<\/div>\n\t\t\t\t<\/div>\n\t\t\t\t\t<\/div>\n\t\t<\/div>\n\t\t\t\t<div class=\"elementor-column elementor-col-33 elementor-inner-column elementor-element elementor-element-8bf1ab4 elementor-hidden-tablet elementor-hidden-mobile\" data-id=\"8bf1ab4\" data-element_type=\"column\">\n\t\t\t<div class=\"elementor-widget-wrap elementor-element-populated\">\n\t\t\t\t\t\t<div class=\"elementor-element elementor-element-43b6d41 elementor-widget elementor-widget-image\" data-id=\"43b6d41\" data-element_type=\"widget\" data-widget_type=\"image.default\">\n\t\t\t\t<div class=\"elementor-widget-container\">\n\t\t\t\t\t\t\t\t\t\t\t\t\t\t\t<img loading=\"lazy\" decoding=\"async\" width=\"371\" height=\"247\" src=\"https:\/\/transparaguay.com\/wp-content\/uploads\/2022\/08\/image020-1.jpg\" class=\"attachment-large size-large wp-image-1377\" alt=\"\" srcset=\"https:\/\/transparaguay.com\/wp-content\/uploads\/2022\/08\/image020-1.jpg 371w, https:\/\/transparaguay.com\/wp-content\/uploads\/2022\/08\/image020-1-300x200.jpg 300w, https:\/\/transparaguay.com\/wp-content\/uploads\/2022\/08\/image020-1-18x12.jpg 18w\" sizes=\"100vw\" \/>\t\t\t\t\t\t\t\t\t\t\t\t\t\t\t<\/div>\n\t\t\t\t<\/div>\n\t\t\t\t<div class=\"elementor-element elementor-element-6cc0e0e elementor-widget elementor-widget-image\" data-id=\"6cc0e0e\" data-element_type=\"widget\" data-widget_type=\"image.default\">\n\t\t\t\t<div class=\"elementor-widget-container\">\n\t\t\t\t\t\t\t\t\t\t\t\t\t\t\t<img loading=\"lazy\" decoding=\"async\" width=\"525\" height=\"249\" src=\"https:\/\/transparaguay.com\/wp-content\/uploads\/2022\/05\/transparaguay2-1024x485.png\" class=\"attachment-large size-large wp-image-222\" alt=\"\" srcset=\"https:\/\/transparaguay.com\/wp-content\/uploads\/2022\/05\/transparaguay2-1024x485.png 1024w, https:\/\/transparaguay.com\/wp-content\/uploads\/2022\/05\/transparaguay2-300x142.png 300w, https:\/\/transparaguay.com\/wp-content\/uploads\/2022\/05\/transparaguay2-768x364.png 768w, https:\/\/transparaguay.com\/wp-content\/uploads\/2022\/05\/transparaguay2-1536x727.png 1536w, https:\/\/transparaguay.com\/wp-content\/uploads\/2022\/05\/transparaguay2.png 1920w\" sizes=\"100vw\" \/>\t\t\t\t\t\t\t\t\t\t\t\t\t\t\t<\/div>\n\t\t\t\t<\/div>\n\t\t\t\t\t<\/div>\n\t\t<\/div>\n\t\t\t\t\t<\/div>\n\t\t<\/section>\n\t\t\t\t\t<\/div>\n\t\t<\/div>\n\t\t\t\t\t<\/div>\n\t\t<\/section>\n\t\t\t\t<section class=\"elementor-section elementor-top-section elementor-element elementor-element-32ab805 elementor-section-boxed elementor-section-height-default elementor-section-height-default\" data-id=\"32ab805\" data-element_type=\"section\" data-settings=\"{&quot;background_background&quot;:&quot;classic&quot;}\">\n\t\t\t\t\t\t\t<div class=\"elementor-background-overlay\"><\/div>\n\t\t\t\t\t\t\t<div class=\"elementor-container elementor-column-gap-default\">\n\t\t\t\t\t<div class=\"elementor-column elementor-col-100 elementor-top-column elementor-element elementor-element-01ad54d\" data-id=\"01ad54d\" data-element_type=\"column\">\n\t\t\t<div class=\"elementor-widget-wrap elementor-element-populated\">\n\t\t\t\t\t\t<section class=\"elementor-section elementor-inner-section elementor-element elementor-element-330b1e0 elementor-section-boxed elementor-section-height-default elementor-section-height-default\" data-id=\"330b1e0\" data-element_type=\"section\">\n\t\t\t\t\t\t<div class=\"elementor-container elementor-column-gap-default\">\n\t\t\t\t\t<div class=\"elementor-column elementor-col-50 elementor-inner-column elementor-element elementor-element-4cccfcf\" data-id=\"4cccfcf\" data-element_type=\"column\">\n\t\t\t<div class=\"elementor-widget-wrap elementor-element-populated\">\n\t\t\t\t\t\t<div class=\"elementor-element elementor-element-8f80fde elementor-widget elementor-widget-image\" data-id=\"8f80fde\" data-element_type=\"widget\" data-widget_type=\"image.default\">\n\t\t\t\t<div class=\"elementor-widget-container\">\n\t\t\t\t\t\t\t\t\t\t\t\t\t\t\t<img loading=\"lazy\" decoding=\"async\" width=\"525\" height=\"394\" src=\"https:\/\/transparaguay.com\/wp-content\/uploads\/2022\/06\/IMG-20190704-WA0030-1024x768.jpg\" class=\"attachment-large size-large wp-image-882\" alt=\"\" srcset=\"https:\/\/transparaguay.com\/wp-content\/uploads\/2022\/06\/IMG-20190704-WA0030-1024x768.jpg 1024w, https:\/\/transparaguay.com\/wp-content\/uploads\/2022\/06\/IMG-20190704-WA0030-300x225.jpg 300w, https:\/\/transparaguay.com\/wp-content\/uploads\/2022\/06\/IMG-20190704-WA0030-768x576.jpg 768w, https:\/\/transparaguay.com\/wp-content\/uploads\/2022\/06\/IMG-20190704-WA0030.jpg 1280w\" sizes=\"100vw\" \/>\t\t\t\t\t\t\t\t\t\t\t\t\t\t\t<\/div>\n\t\t\t\t<\/div>\n\t\t\t\t\t<\/div>\n\t\t<\/div>\n\t\t\t\t<div class=\"elementor-column elementor-col-50 elementor-inner-column elementor-element elementor-element-aed956d\" data-id=\"aed956d\" data-element_type=\"column\">\n\t\t\t<div class=\"elementor-widget-wrap elementor-element-populated\">\n\t\t\t\t\t\t<div class=\"elementor-element elementor-element-5c6628f elementor-widget elementor-widget-heading\" data-id=\"5c6628f\" data-element_type=\"widget\" data-widget_type=\"heading.default\">\n\t\t\t\t<div class=\"elementor-widget-container\">\n\t\t\t\t\t<h2 class=\"elementor-heading-title elementor-size-default\">CARGAS ESPECIALES (EXCEDENTES)<\/h2>\t\t\t\t<\/div>\n\t\t\t\t<\/div>\n\t\t\t\t<div class=\"elementor-element elementor-element-72193d0 elementor-widget-divider--view-line elementor-widget elementor-widget-divider\" data-id=\"72193d0\" data-element_type=\"widget\" data-widget_type=\"divider.default\">\n\t\t\t\t<div class=\"elementor-widget-container\">\n\t\t\t\t\t\t\t<div class=\"elementor-divider\">\n\t\t\t<span class=\"elementor-divider-separator\">\n\t\t\t\t\t\t<\/span>\n\t\t<\/div>\n\t\t\t\t\t\t<\/div>\n\t\t\t\t<\/div>\n\t\t\t\t<div class=\"elementor-element elementor-element-03e63a5 elementor-widget elementor-widget-text-editor\" data-id=\"03e63a5\" data-element_type=\"widget\" data-widget_type=\"text-editor.default\">\n\t\t\t\t<div class=\"elementor-widget-container\">\n\t\t\t\t\t\t\t\t\t<p>El transporte de exceso de carga es una especialidad de Transparaguay. Mantenemos una amplia gama de veh\u00edculos especiales para este servicio: tablas rectas, remolques rebajados, extendidos y dolly, entre otros. Adem\u00e1s, para realizar todo el proceso dentro de las normas de cada pa\u00eds, contamos con personal especializado en el an\u00e1lisis de rutas, dimensiones y pesos para viabilizar el proyecto y garantizar un transporte seguro.<\/p>\t\t\t\t\t\t\t\t<\/div>\n\t\t\t\t<\/div>\n\t\t\t\t<div class=\"elementor-element elementor-element-d009934 elementor-align-left elementor-widget elementor-widget-button\" data-id=\"d009934\" data-element_type=\"widget\" data-widget_type=\"button.default\">\n\t\t\t\t<div class=\"elementor-widget-container\">\n\t\t\t\t\t\t\t\t\t<div class=\"elementor-button-wrapper\">\n\t\t\t\t\t<a class=\"elementor-button elementor-button-link elementor-size-sm elementor-animation-grow\" href=\"https:\/\/transparaguay.com\/es\/cotacao-online\/\">\n\t\t\t\t\t\t<span class=\"elementor-button-content-wrapper\">\n\t\t\t\t\t\t\t\t\t<span class=\"elementor-button-text\">Solicitar presupuesto<\/span>\n\t\t\t\t\t<\/span>\n\t\t\t\t\t<\/a>\n\t\t\t\t<\/div>\n\t\t\t\t\t\t\t\t<\/div>\n\t\t\t\t<\/div>\n\t\t\t\t\t<\/div>\n\t\t<\/div>\n\t\t\t\t\t<\/div>\n\t\t<\/section>\n\t\t\t\t\t<\/div>\n\t\t<\/div>\n\t\t\t\t\t<\/div>\n\t\t<\/section>\n\t\t\t\t<\/div>","protected":false},"excerpt":{"rendered":"<p>Servi\u00e7os CARGAS COMPLETAS\u200b Operamos cargas completas &#8211; ou seja, exclusivas de um \u00fanico cliente &#8211; em carretas abertas, furg\u00f5es e siders de acordo com o material transportado e a necessidade do contratante. Por se tratar de embarque dedicado, a negocia\u00e7\u00e3o sobre coleta, entrega, rotas e aduanas pode ser negociada ponto por ponto, tornando-se uma \u00f3tima &hellip; <\/p>\n<p class=\"link-more\"><a href=\"https:\/\/transparaguay.com\/es\/servicos\/\" class=\"more-link\">Continuar leyendo<span class=\"screen-reader-text\"> &#8220;Servi\u00e7os&#8221;<\/span><\/a><\/p>","protected":false},"author":1,"featured_media":0,"parent":0,"menu_order":0,"comment_status":"closed","ping_status":"closed","template":"elementor_header_footer","meta":{"footnotes":""},"class_list":["post-683","page","type-page","status-publish","hentry"],"_links":{"self":[{"href":"https:\/\/transparaguay.com\/es\/wp-json\/wp\/v2\/pages\/683","targetHints":{"allow":["GET"]}}],"collection":[{"href":"https:\/\/transparaguay.com\/es\/wp-json\/wp\/v2\/pages"}],"about":[{"href":"https:\/\/transparaguay.com\/es\/wp-json\/wp\/v2\/types\/page"}],"author":[{"embeddable":true,"href":"https:\/\/transparaguay.com\/es\/wp-json\/wp\/v2\/users\/1"}],"replies":[{"embeddable":true,"href":"https:\/\/transparaguay.com\/es\/wp-json\/wp\/v2\/comments?post=683"}],"version-history":[{"count":46,"href":"https:\/\/transparaguay.com\/es\/wp-json\/wp\/v2\/pages\/683\/revisions"}],"predecessor-version":[{"id":1395,"href":"https:\/\/transparaguay.com\/es\/wp-json\/wp\/v2\/pages\/683\/revisions\/1395"}],"wp:attachment":[{"href":"https:\/\/transparaguay.com\/es\/wp-json\/wp\/v2\/media?parent=683"}],"curies":[{"name":"wp","href":"https:\/\/api.w.org\/{rel}","templated":true}]}}