{"id":297,"date":"2022-06-02T14:58:29","date_gmt":"2022-06-02T17:58:29","guid":{"rendered":"https:\/\/transparaguay.com\/?page_id=297"},"modified":"2022-08-26T17:49:57","modified_gmt":"2022-08-26T20:49:57","slug":"linha-do-tempo","status":"publish","type":"page","link":"https:\/\/transparaguay.com\/en\/linha-do-tempo\/","title":{"rendered":"Linha do Tempo"},"content":{"rendered":"<div data-elementor-type=\"wp-page\" data-elementor-id=\"297\" class=\"elementor elementor-297\" data-elementor-post-type=\"page\">\n\t\t\t\t\t\t<section class=\"elementor-section elementor-top-section elementor-element elementor-element-dd0a68d elementor-section-full_width elementor-section-height-default elementor-section-height-default\" data-id=\"dd0a68d\" data-element_type=\"section\" data-settings=\"{&quot;background_background&quot;:&quot;classic&quot;}\">\n\t\t\t\t\t\t\t<div class=\"elementor-background-overlay\"><\/div>\n\t\t\t\t\t\t\t<div class=\"elementor-container elementor-column-gap-no\">\n\t\t\t\t\t<div class=\"elementor-column elementor-col-100 elementor-top-column elementor-element elementor-element-44a43311\" data-id=\"44a43311\" data-element_type=\"column\">\n\t\t\t<div class=\"elementor-widget-wrap elementor-element-populated\">\n\t\t\t\t\t\t<section class=\"elementor-section elementor-inner-section elementor-element elementor-element-6de9e513 elementor-section-boxed elementor-section-height-default elementor-section-height-default elementor-invisible\" data-id=\"6de9e513\" data-element_type=\"section\" data-settings=\"{&quot;animation&quot;:&quot;fadeIn&quot;}\">\n\t\t\t\t\t\t<div class=\"elementor-container elementor-column-gap-default\">\n\t\t\t\t\t<div class=\"elementor-column elementor-col-50 elementor-inner-column elementor-element elementor-element-6087a858\" data-id=\"6087a858\" data-element_type=\"column\">\n\t\t\t<div class=\"elementor-widget-wrap elementor-element-populated\">\n\t\t\t\t\t\t<div class=\"elementor-element elementor-element-7f39441 elementor-widget elementor-widget-heading\" data-id=\"7f39441\" data-element_type=\"widget\" data-widget_type=\"heading.default\">\n\t\t\t\t<div class=\"elementor-widget-container\">\n\t\t\t\t\t<h2 class=\"elementor-heading-title elementor-size-default\">linha do tempo<\/h2>\t\t\t\t<\/div>\n\t\t\t\t<\/div>\n\t\t\t\t\t<\/div>\n\t\t<\/div>\n\t\t\t\t<div class=\"elementor-column elementor-col-50 elementor-inner-column elementor-element elementor-element-62968392\" data-id=\"62968392\" data-element_type=\"column\">\n\t\t\t<div class=\"elementor-widget-wrap elementor-element-populated\">\n\t\t\t\t\t\t<div class=\"elementor-element elementor-element-164d887d elementor-widget elementor-widget-image\" data-id=\"164d887d\" data-element_type=\"widget\" data-widget_type=\"image.default\">\n\t\t\t\t<div class=\"elementor-widget-container\">\n\t\t\t\t\t\t\t\t\t\t\t\t\t\t\t<img fetchpriority=\"high\" decoding=\"async\" width=\"500\" height=\"500\" src=\"https:\/\/transparaguay.com\/wp-content\/uploads\/2022\/06\/Logo-60-Anos.png\" class=\"attachment-full size-full wp-image-828\" alt=\"\" srcset=\"https:\/\/transparaguay.com\/wp-content\/uploads\/2022\/06\/Logo-60-Anos.png 500w, https:\/\/transparaguay.com\/wp-content\/uploads\/2022\/06\/Logo-60-Anos-300x300.png 300w, https:\/\/transparaguay.com\/wp-content\/uploads\/2022\/06\/Logo-60-Anos-150x150.png 150w\" sizes=\"100vw\" \/>\t\t\t\t\t\t\t\t\t\t\t\t\t\t\t<\/div>\n\t\t\t\t<\/div>\n\t\t\t\t\t<\/div>\n\t\t<\/div>\n\t\t\t\t\t<\/div>\n\t\t<\/section>\n\t\t\t\t<div class=\"elementor-element elementor-element-15d759d9 elementor-widget-divider--view-line elementor-widget elementor-widget-divider\" data-id=\"15d759d9\" data-element_type=\"widget\" data-widget_type=\"divider.default\">\n\t\t\t\t<div class=\"elementor-widget-container\">\n\t\t\t\t\t\t\t<div class=\"elementor-divider\">\n\t\t\t<span class=\"elementor-divider-separator\">\n\t\t\t\t\t\t<\/span>\n\t\t<\/div>\n\t\t\t\t\t\t<\/div>\n\t\t\t\t<\/div>\n\t\t\t\t\t<\/div>\n\t\t<\/div>\n\t\t\t\t\t<\/div>\n\t\t<\/section>\n\t\t\t\t<section class=\"elementor-section elementor-top-section elementor-element elementor-element-3099e59 elementor-section-boxed elementor-section-height-default elementor-section-height-default elementor-invisible\" data-id=\"3099e59\" data-element_type=\"section\" data-settings=\"{&quot;animation&quot;:&quot;fadeIn&quot;}\">\n\t\t\t\t\t\t<div class=\"elementor-container elementor-column-gap-default\">\n\t\t\t\t\t<div class=\"elementor-column elementor-col-100 elementor-top-column elementor-element elementor-element-c568919\" data-id=\"c568919\" data-element_type=\"column\">\n\t\t\t<div class=\"elementor-widget-wrap elementor-element-populated\">\n\t\t\t\t\t\t<div class=\"elementor-element elementor-element-632ada6 elementor-widget elementor-widget-timeline-widget-addon\" data-id=\"632ada6\" data-element_type=\"widget\" data-widget_type=\"timeline-widget-addon.default\">\n\t\t\t\t<div class=\"elementor-widget-container\">\n\t\t\t\t\t<!-- ========= Timeline Widget Addon For Elementor 1.6.8 ========= -->\n<div id=\"twae-wrapper-632ada6\" class=\"twae-vertical twae-wrapper  twae-both-sided\">   \n    <div class=\"twae-start\"><\/div>    \n    <div id=\"twea-timeline-632ada6\" class=\"twae-timeline\" ><!-- Start of Story Repeater Content --><div id=\"story-c6d50d6\" class=\"twae-story twae-repeater-item twae-story-right twae-story-no-icon\"><!-- Story Label --><div class=\"twae-labels\"><div class=\"twae-label-big\">1962<\/div><\/div><!-- Story Icon --><div class=\"twae-icon\"><i aria-hidden=\"true\" class=\"fas fa-truck-moving\"><\/i><\/div><!-- Story Arrow --><div class=\"twae-arrow\"><\/div><!-- Start of Story Content --><div class=\"twae-content\"><!-- Story Title --><div class=\"twae-title\">O Come\u00e7o<\/div><!-- Story Image --><div class=\"twae-media large\"><img decoding=\"async\" width=\"525\" height=\"394\" src=\"https:\/\/transparaguay.com\/wp-content\/uploads\/2022\/06\/Design-sem-nome-34.png\" class=\"attachment-large size-large\" alt=\"\" srcset=\"https:\/\/transparaguay.com\/wp-content\/uploads\/2022\/06\/Design-sem-nome-34.png 800w, https:\/\/transparaguay.com\/wp-content\/uploads\/2022\/06\/Design-sem-nome-34-300x225.png 300w, https:\/\/transparaguay.com\/wp-content\/uploads\/2022\/06\/Design-sem-nome-34-768x576.png 768w\" sizes=\"100vw\" \/><\/div><!-- Story Description --><div class=\"twae-description\"><p>A fam\u00edlia Qui\u00f1\u00f3nez funda a empresa Transparaguay. Neste \u00ednicio as mercadorias eram transportadas at\u00e9 Foz do Igua\u00e7u e para chegar ao Paraguay precisavam atravessar o Rio Paran\u00e1 de balsa.<\/p><\/div><\/div><\/div><!-- Start of Story Repeater Content --><div id=\"story-0822e15\" class=\"twae-story twae-repeater-item twae-story-left twae-story-no-icon\"><!-- Story Label --><div class=\"twae-labels\"><div class=\"twae-label-big\">1965<\/div><\/div><!-- Story Icon --><div class=\"twae-icon\"><i aria-hidden=\"true\" class=\"fas fa-truck-moving\"><\/i><\/div><!-- Story Arrow --><div class=\"twae-arrow\"><\/div><!-- Start of Story Content --><div class=\"twae-content\"><!-- Story Title --><div class=\"twae-title\">Inaugurada a Ponte da Amizade<\/div><!-- Story Image --><div class=\"twae-media large\"><img decoding=\"async\" width=\"525\" height=\"198\" src=\"https:\/\/transparaguay.com\/wp-content\/uploads\/2022\/06\/1965.jpg\" class=\"attachment-large size-large\" alt=\"\" srcset=\"https:\/\/transparaguay.com\/wp-content\/uploads\/2022\/06\/1965.jpg 850w, https:\/\/transparaguay.com\/wp-content\/uploads\/2022\/06\/1965-300x113.jpg 300w, https:\/\/transparaguay.com\/wp-content\/uploads\/2022\/06\/1965-768x289.jpg 768w\" sizes=\"100vw\" \/><\/div><\/div><\/div><!-- Start of Story Repeater Content --><div id=\"story-ae6f30c\" class=\"twae-story twae-repeater-item twae-story-right twae-story-no-icon\"><!-- Story Label --><div class=\"twae-labels\"><div class=\"twae-label-big\">1972<\/div><\/div><!-- Story Icon --><div class=\"twae-icon\"><i aria-hidden=\"true\" class=\"fas fa-truck-moving\"><\/i><\/div><!-- Story Arrow --><div class=\"twae-arrow\"><\/div><!-- Start of Story Content --><div class=\"twae-content\"><!-- Story Title --><div class=\"twae-title\">Filial da empresa em Foz do Igua\u00e7u<\/div><!-- Story Image --><div class=\"twae-media large\"><img loading=\"lazy\" decoding=\"async\" width=\"525\" height=\"985\" src=\"https:\/\/transparaguay.com\/wp-content\/uploads\/2022\/06\/Sem-nome-800-\u00d7-1500-px-546x1024.png\" class=\"attachment-large size-large\" alt=\"\" srcset=\"https:\/\/transparaguay.com\/wp-content\/uploads\/2022\/06\/Sem-nome-800-\u00d7-1500-px-546x1024.png 546w, https:\/\/transparaguay.com\/wp-content\/uploads\/2022\/06\/Sem-nome-800-\u00d7-1500-px-160x300.png 160w, https:\/\/transparaguay.com\/wp-content\/uploads\/2022\/06\/Sem-nome-800-\u00d7-1500-px-768x1440.png 768w, https:\/\/transparaguay.com\/wp-content\/uploads\/2022\/06\/Sem-nome-800-\u00d7-1500-px.png 800w\" sizes=\"100vw\" \/><\/div><!-- Story Description --><div class=\"twae-description\"><p>Imagem da filial da empresa em Foz do Igua\u00e7u e transporte de caminh\u00f5es para o governo paraguaio. Veja mais imagens em nossa <span style=\"color: #333399\"><a style=\"color: #333399\" href=\"https:\/\/transparaguay.com\/en\/galeria\/\">galeria de fotos<\/a><\/span>\u00a0<\/p><\/div><\/div><\/div><!-- Start of Story Repeater Content --><div id=\"story-fbe15ab\" class=\"twae-story twae-repeater-item twae-story-left twae-story-no-icon\"><!-- Story Label --><div class=\"twae-labels\"><div class=\"twae-label-big\">1992<\/div><\/div><!-- Story Icon --><div class=\"twae-icon\"><i aria-hidden=\"true\" class=\"fas fa-truck-moving\"><\/i><\/div><!-- Story Arrow --><div class=\"twae-arrow\"><\/div><!-- Start of Story Content --><div class=\"twae-content\"><!-- Story Title --><div class=\"twae-title\">Terminal em Foz do Igua\u00e7u<\/div><!-- Story Image --><div class=\"twae-media large\"><img loading=\"lazy\" decoding=\"async\" width=\"525\" height=\"394\" src=\"https:\/\/transparaguay.com\/wp-content\/uploads\/2022\/06\/Design-sem-nome-35.png\" class=\"attachment-large size-large\" alt=\"\" srcset=\"https:\/\/transparaguay.com\/wp-content\/uploads\/2022\/06\/Design-sem-nome-35.png 800w, https:\/\/transparaguay.com\/wp-content\/uploads\/2022\/06\/Design-sem-nome-35-300x225.png 300w, https:\/\/transparaguay.com\/wp-content\/uploads\/2022\/06\/Design-sem-nome-35-768x576.png 768w\" sizes=\"100vw\" \/><\/div><!-- Story Description --><div class=\"twae-description\"><p>Imagem do terminal em Foz do Igua\u00e7u.<br \/>F\u00e1bricas s\u00e3o instaladas no Paraguai dando inicio a exporta\u00e7\u00e3o de produtos manufaturados.\u00a0<\/p><\/div><\/div><\/div><!-- Start of Story Repeater Content --><div id=\"story-880a735\" class=\"twae-story twae-repeater-item twae-story-right twae-story-no-icon\"><!-- Story Label --><div class=\"twae-labels\"><div class=\"twae-label-big\">2002<\/div><\/div><!-- Story Icon --><div class=\"twae-icon\"><i aria-hidden=\"true\" class=\"fas fa-truck-moving\"><\/i><\/div><!-- Story Arrow --><div class=\"twae-arrow\"><\/div><!-- Start of Story Content --><div class=\"twae-content\"><!-- Story Image --><div class=\"twae-media large\"><img loading=\"lazy\" decoding=\"async\" width=\"455\" height=\"1024\" src=\"https:\/\/transparaguay.com\/wp-content\/uploads\/2022\/08\/Sem-nome-800-\u00d7-1800-px-2-455x1024.png\" class=\"attachment-large size-large\" alt=\"\" srcset=\"https:\/\/transparaguay.com\/wp-content\/uploads\/2022\/08\/Sem-nome-800-\u00d7-1800-px-2-455x1024.png 455w, https:\/\/transparaguay.com\/wp-content\/uploads\/2022\/08\/Sem-nome-800-\u00d7-1800-px-2-133x300.png 133w, https:\/\/transparaguay.com\/wp-content\/uploads\/2022\/08\/Sem-nome-800-\u00d7-1800-px-2-768x1728.png 768w, https:\/\/transparaguay.com\/wp-content\/uploads\/2022\/08\/Sem-nome-800-\u00d7-1800-px-2-683x1536.png 683w, https:\/\/transparaguay.com\/wp-content\/uploads\/2022\/08\/Sem-nome-800-\u00d7-1800-px-2-5x12.png 5w, https:\/\/transparaguay.com\/wp-content\/uploads\/2022\/08\/Sem-nome-800-\u00d7-1800-px-2.png 800w\" sizes=\"100vw\" \/><\/div><!-- Story Description --><div class=\"twae-description\"><p>Transporte de m\u00e1quinas e equipamentos pesados.<\/p><\/div><\/div><\/div><!-- Start of Story Repeater Content --><div id=\"story-7f9b474\" class=\"twae-story twae-repeater-item twae-story-left twae-story-no-icon\"><!-- Story Label --><div class=\"twae-labels\"><div class=\"twae-label-big\">2012<\/div><\/div><!-- Story Icon --><div class=\"twae-icon\"><i aria-hidden=\"true\" class=\"fas fa-truck-moving\"><\/i><\/div><!-- Story Arrow --><div class=\"twae-arrow\"><\/div><!-- Start of Story Content --><div class=\"twae-content\"><!-- Story Title --><div class=\"twae-title\">50 anos Transparaguay<\/div><!-- Story Image --><div class=\"twae-media large\"><img loading=\"lazy\" decoding=\"async\" width=\"455\" height=\"1024\" src=\"https:\/\/transparaguay.com\/wp-content\/uploads\/2022\/08\/Sem-nome-800-\u00d7-1800-px-1-455x1024.png\" class=\"attachment-large size-large\" alt=\"\" srcset=\"https:\/\/transparaguay.com\/wp-content\/uploads\/2022\/08\/Sem-nome-800-\u00d7-1800-px-1-455x1024.png 455w, https:\/\/transparaguay.com\/wp-content\/uploads\/2022\/08\/Sem-nome-800-\u00d7-1800-px-1-133x300.png 133w, https:\/\/transparaguay.com\/wp-content\/uploads\/2022\/08\/Sem-nome-800-\u00d7-1800-px-1-768x1728.png 768w, https:\/\/transparaguay.com\/wp-content\/uploads\/2022\/08\/Sem-nome-800-\u00d7-1800-px-1-683x1536.png 683w, https:\/\/transparaguay.com\/wp-content\/uploads\/2022\/08\/Sem-nome-800-\u00d7-1800-px-1-5x12.png 5w, https:\/\/transparaguay.com\/wp-content\/uploads\/2022\/08\/Sem-nome-800-\u00d7-1800-px-1.png 800w\" sizes=\"100vw\" \/><\/div><!-- Story Description --><div class=\"twae-description\"><p>Empresa completa 50 anos com novos investimentos e renova\u00e7\u00e3o da frota.\u00a0<\/p><\/div><\/div><\/div><!-- Start of Story Repeater Content --><div id=\"story-e894d0e\" class=\"twae-story twae-repeater-item twae-story-right twae-story-no-icon\"><!-- Story Label --><div class=\"twae-labels\"><div class=\"twae-label-big\">2019<\/div><\/div><!-- Story Icon --><div class=\"twae-icon\"><i aria-hidden=\"true\" class=\"fas fa-truck-moving\"><\/i><\/div><!-- Story Arrow --><div class=\"twae-arrow\"><\/div><!-- Start of Story Content --><div class=\"twae-content\"><!-- Story Title --><div class=\"twae-title\">Segunda ponte Brasil \/ Paraguai<\/div><!-- Story Image --><div class=\"twae-media large\"><img loading=\"lazy\" decoding=\"async\" width=\"525\" height=\"591\" src=\"https:\/\/transparaguay.com\/wp-content\/uploads\/2022\/08\/Sem-nome-800-\u00d7-900-px-2.png\" class=\"attachment-large size-large\" alt=\"\" srcset=\"https:\/\/transparaguay.com\/wp-content\/uploads\/2022\/08\/Sem-nome-800-\u00d7-900-px-2.png 800w, https:\/\/transparaguay.com\/wp-content\/uploads\/2022\/08\/Sem-nome-800-\u00d7-900-px-2-267x300.png 267w, https:\/\/transparaguay.com\/wp-content\/uploads\/2022\/08\/Sem-nome-800-\u00d7-900-px-2-768x864.png 768w, https:\/\/transparaguay.com\/wp-content\/uploads\/2022\/08\/Sem-nome-800-\u00d7-900-px-2-11x12.png 11w\" sizes=\"100vw\" \/><\/div><!-- Story Description --><div class=\"twae-description\"><p>In\u00edcio das obras de Constru\u00e7\u00e3o da 2\u00aa ponte entre Brasil \/ Paraguai<\/p><\/div><\/div><\/div><!-- Start of Story Repeater Content --><div id=\"story-f7591e9\" class=\"twae-story twae-repeater-item twae-story-left twae-story-no-icon\"><!-- Story Label --><div class=\"twae-labels\"><div class=\"twae-label-big\">2022<\/div><\/div><!-- Story Icon --><div class=\"twae-icon\"><i aria-hidden=\"true\" class=\"fas fa-truck-moving\"><\/i><\/div><!-- Story Arrow --><div class=\"twae-arrow\"><\/div><!-- Start of Story Content --><div class=\"twae-content\"><!-- Story Title --><div class=\"twae-title\">Transparaguay completa 60 anos<\/div><!-- Story Image --><div class=\"twae-media large\"><img loading=\"lazy\" decoding=\"async\" width=\"525\" height=\"591\" src=\"https:\/\/transparaguay.com\/wp-content\/uploads\/2022\/08\/Sem-nome-800-\u00d7-900-px-3-910x1024.png\" class=\"attachment-large size-large\" alt=\"\" srcset=\"https:\/\/transparaguay.com\/wp-content\/uploads\/2022\/08\/Sem-nome-800-\u00d7-900-px-3-910x1024.png 910w, https:\/\/transparaguay.com\/wp-content\/uploads\/2022\/08\/Sem-nome-800-\u00d7-900-px-3-267x300.png 267w, https:\/\/transparaguay.com\/wp-content\/uploads\/2022\/08\/Sem-nome-800-\u00d7-900-px-3-768x864.png 768w, https:\/\/transparaguay.com\/wp-content\/uploads\/2022\/08\/Sem-nome-800-\u00d7-900-px-3-11x12.png 11w, https:\/\/transparaguay.com\/wp-content\/uploads\/2022\/08\/Sem-nome-800-\u00d7-900-px-3.png 1200w\" sizes=\"100vw\" \/><\/div><\/div><\/div><\/div>\n    <div class=\"twae-end\"><\/div>\n    <\/div><style type=\"text\/css\">.elementor-297 .elementor-element.elementor-element-632ada6 .twae-wrapper.twae-vertical .twae-story{margin-bottom:60px!important}.elementor-297 .elementor-element.elementor-element-632ada6 .twae-wrapper{--tw-ibx-bg:#6E1D00;}@media (max-width: 1024px){ .twae-wrapper{--tw-ybx-size: 80px !important;}}@media (max-width: 767px){ .twae-wrapper{--tw-ybx-size: 80px !important}}<\/style>\t\t\t\t<\/div>\n\t\t\t\t<\/div>\n\t\t\t\t<div class=\"elementor-element elementor-element-2caabfb elementor-align-center elementor-widget elementor-widget-button\" data-id=\"2caabfb\" data-element_type=\"widget\" data-widget_type=\"button.default\">\n\t\t\t\t<div class=\"elementor-widget-container\">\n\t\t\t\t\t\t\t\t\t<div class=\"elementor-button-wrapper\">\n\t\t\t\t\t<a class=\"elementor-button elementor-button-link elementor-size-sm elementor-animation-grow\" href=\"https:\/\/transparaguay.com\/en\/galeria\/\">\n\t\t\t\t\t\t<span class=\"elementor-button-content-wrapper\">\n\t\t\t\t\t\t\t\t\t<span class=\"elementor-button-text\">Confira a galeria de fotos<\/span>\n\t\t\t\t\t<\/span>\n\t\t\t\t\t<\/a>\n\t\t\t\t<\/div>\n\t\t\t\t\t\t\t\t<\/div>\n\t\t\t\t<\/div>\n\t\t\t\t\t<\/div>\n\t\t<\/div>\n\t\t\t\t\t<\/div>\n\t\t<\/section>\n\t\t\t\t<\/div>","protected":false},"excerpt":{"rendered":"<p>linha do tempo 1962 O Come\u00e7o A fam\u00edlia Qui\u00f1\u00f3nez funda a empresa Transparaguay. Neste \u00ednicio as mercadorias eram transportadas at\u00e9 Foz do Igua\u00e7u e para chegar ao Paraguay precisavam atravessar o Rio Paran\u00e1 de balsa. 1965 Inaugurada a Ponte da Amizade 1972 Filial da empresa em Foz do Igua\u00e7u Imagem da filial da empresa em &hellip; <\/p>\n<p class=\"link-more\"><a href=\"https:\/\/transparaguay.com\/en\/linha-do-tempo\/\" class=\"more-link\">Continue reading<span class=\"screen-reader-text\"> &#8220;Linha do Tempo&#8221;<\/span><\/a><\/p>","protected":false},"author":1,"featured_media":0,"parent":0,"menu_order":0,"comment_status":"closed","ping_status":"closed","template":"elementor_header_footer","meta":{"footnotes":""},"class_list":["post-297","page","type-page","status-publish","hentry"],"_links":{"self":[{"href":"https:\/\/transparaguay.com\/en\/wp-json\/wp\/v2\/pages\/297","targetHints":{"allow":["GET"]}}],"collection":[{"href":"https:\/\/transparaguay.com\/en\/wp-json\/wp\/v2\/pages"}],"about":[{"href":"https:\/\/transparaguay.com\/en\/wp-json\/wp\/v2\/types\/page"}],"author":[{"embeddable":true,"href":"https:\/\/transparaguay.com\/en\/wp-json\/wp\/v2\/users\/1"}],"replies":[{"embeddable":true,"href":"https:\/\/transparaguay.com\/en\/wp-json\/wp\/v2\/comments?post=297"}],"version-history":[{"count":55,"href":"https:\/\/transparaguay.com\/en\/wp-json\/wp\/v2\/pages\/297\/revisions"}],"predecessor-version":[{"id":1403,"href":"https:\/\/transparaguay.com\/en\/wp-json\/wp\/v2\/pages\/297\/revisions\/1403"}],"wp:attachment":[{"href":"https:\/\/transparaguay.com\/en\/wp-json\/wp\/v2\/media?parent=297"}],"curies":[{"name":"wp","href":"https:\/\/api.w.org\/{rel}","templated":true}]}}